{"id":14,"date":"2018-03-28T10:36:49","date_gmt":"2018-03-28T09:36:49","guid":{"rendered":"http:\/\/www.billing.co.at\/test\/?page_id=14"},"modified":"2021-01-28T18:10:46","modified_gmt":"2021-01-28T17:10:46","slug":"imprint","status":"publish","type":"page","link":"https:\/\/www.billing.co.at\/en\/contact\/imprint\/","title":{"rendered":"Imprint"},"content":{"rendered":"<p><img decoding=\"async\" class=\"wp-image-50 alignright\" src=\"https:\/\/www.billing.co.at\/de\/wp-content\/uploads\/2014\/11\/impressum.png\" alt=\"Imprint\" width=\"197\" height=\"104\" \/><\/p>\n<p>Responsibility for the content of this website by<\/p>\n<p>IT Serivces EU s.r.o<br \/>\nKop\u010dianska 10<br \/>\n85101 Bratislava 5 &#8211; Petr\u017ealka<br \/>\nSK &#8211; Slovak Republic<br \/>\nE-Mail: <a title=\"Contact\" href=\"http:\/\/www.billing.co.at\/en\/contact\/contact\/\">Contact<\/a><\/p>\n<p>Concept, layout, design and programming by<\/p>\n<p>IT Serivces EU s.r.o<br \/>\nKop\u010dianska 10<br \/>\n85101 Bratislava 5 &#8211; Petr\u017ealka<br \/>\nSK &#8211; Slovak Republic<br \/>\nE-Mail: <a title=\"Contact\" href=\"http:\/\/www.billing.co.at\/en\/contact\/contact\/\">Contact<\/a><\/p>\n<p><a title=\"Disclaimer\" href=\"http:\/\/www.billing.co.at\/en\/contact\/disclaimer-3\/\">Disclaimer<\/a><\/p>\n<p>VAT identification number: 202**33***<\/p>\n<p>The complete VAT-ID is not shown here for privacy reasons.<br \/>\nYou can find the full number on your invoice.<br \/>\nThanks for your understanding.<\/p>\n","protected":false},"excerpt":{"rendered":"<p>Responsibility for the content of this website by IT Serivces EU s.r.o Kop\u010dianska 10 85101 Bratislava 5 &#8211; Petr\u017ealka SK &#8211; Slovak Republic E-Mail: Contact Concept, layout, design and programming by IT Serivces EU s.r.o Kop\u010dianska 10 85101 Bratislava 5 &#8211; Petr\u017ealka SK &#8211; Slovak Republic E-Mail: Contact Disclaimer VAT identification number: 202**33*** The complete VAT-ID is not shown here for privacy reasons. You can find the full number on your invoice. Thanks for your understanding.<\/p>\n","protected":false},"author":1,"featured_media":0,"parent":12,"menu_order":2,"comment_status":"closed","ping_status":"closed","template":"","meta":{"footnotes":""},"class_list":["post-14","page","type-page","status-publish","hentry"],"_links":{"self":[{"href":"https:\/\/www.billing.co.at\/en\/wp-json\/wp\/v2\/pages\/14","targetHints":{"allow":["GET"]}}],"collection":[{"href":"https:\/\/www.billing.co.at\/en\/wp-json\/wp\/v2\/pages"}],"about":[{"href":"https:\/\/www.billing.co.at\/en\/wp-json\/wp\/v2\/types\/page"}],"author":[{"embeddable":true,"href":"https:\/\/www.billing.co.at\/en\/wp-json\/wp\/v2\/users\/1"}],"replies":[{"embeddable":true,"href":"https:\/\/www.billing.co.at\/en\/wp-json\/wp\/v2\/comments?post=14"}],"version-history":[{"count":17,"href":"https:\/\/www.billing.co.at\/en\/wp-json\/wp\/v2\/pages\/14\/revisions"}],"predecessor-version":[{"id":861,"href":"https:\/\/www.billing.co.at\/en\/wp-json\/wp\/v2\/pages\/14\/revisions\/861"}],"up":[{"embeddable":true,"href":"https:\/\/www.billing.co.at\/en\/wp-json\/wp\/v2\/pages\/12"}],"wp:attachment":[{"href":"https:\/\/www.billing.co.at\/en\/wp-json\/wp\/v2\/media?parent=14"}],"curies":[{"name":"wp","href":"https:\/\/api.w.org\/{rel}","templated":true}]}}