{"id":6,"date":"2021-01-28T10:35:32","date_gmt":"2021-01-28T09:35:32","guid":{"rendered":"http:\/\/www.billing.co.at\/test\/?page_id=6"},"modified":"2022-10-18T09:33:28","modified_gmt":"2022-10-18T08:33:28","slug":"diensleistungen","status":"publish","type":"page","link":"https:\/\/www.billing.co.at\/de\/diensleistungen\/","title":{"rendered":"Dienstleistungen"},"content":{"rendered":"<p style=\"text-align: justify;\">Nutzen Sie die Vorteile des <strong>Managements auf Zeit<\/strong> mit dem bedarfsorientierten Einsatz von Experten bei der Implementierung neuer Softwaresysteme.<\/p>\n<p style=\"text-align: justify;\">Ein <strong>ganzheitlicher Ansatz zur Integration der IT-L\u00f6sungen<\/strong> in die Gesamtstrategie und die Gesch\u00e4ftsanforderungen eines Unternehmens bestimmt unsere Arbeitsweise. Alle Projektphasen und deren Aufgabenumfang werden im Projektsteuerungsprozess von Anfang an auf einander abgestimmt. <strong>Wir begleiten den komplexen Prozess des IT-Managements von der Strategiefindung bis zur Implementierung<\/strong> . Dazu geh\u00f6rt eine unterst\u00fctzende Aufbau- und Ablauforganisation ebenso wie die Auswahl und die Realisierung von IT-Infrastrukturen. Dabei ber\u00fccksichtigen wir selbstverst\u00e4ndlich s\u00e4mtliche Sicherheits- und Compliance-Aspekte.<\/p>\n<p style=\"text-align: justify;\">F\u00fcr unsere Kunden denken wir vorausschauend. Wir gehen auf die <strong>Anforderungen aller Kunden individuell ein<\/strong> und zeigen gewinnbringende M\u00f6glichkeiten f\u00fcr die erfolgreiche Umsetzung von IT-Projekten auf.<\/p>\n<p style=\"text-align: justify;\">Wir verf\u00fcgen \u00fcber ein stetig wachsendes Beraternetzwerk (Freiberufler oder Angestellte im Rahmen der Arbeitnehmer\u00fcberlassung (A\u00dcG)). Unsere hochqualifizierten Berater mit langj\u00e4hriger Erfahrung gew\u00e4hren unseren Kunden h\u00f6chste Qualit\u00e4t. Alle mit profunder Projekterfahrung, Experten erster G\u00fcte.<\/p>\n<strong>Wir bieten Dienstleistungen und Know-How in den folgenden Bereichen:<\/strong>\n<table border=\"0\" width=\"66%\" cellspacing=\"0\" cellpadding=\"0\" align=\"center\" bgcolor=\"white\">\n<tbody>\n<tr>\n<td width=\"50%\"><a title=\"Customer Care &amp; Billing\" href=\"https:\/\/www.billing.co.at\/de\/diensleistungen\/customer-care-billing\/\"><img decoding=\"async\" class=\"wp-image-54 size-full\" src=\"https:\/\/www.billing.co.at\/de\/wp-content\/uploads\/2014\/11\/billing1_sbp.jpg\" alt=\"Rating &amp; Billing\" width=\"116\" height=\"150\" \/><\/a>\n\n<a title=\"Customer Care &amp; Billing\" href=\"https:\/\/www.billing.co.at\/de\/diensleistungen\/customer-care-billing\/\">Customter Care Rating &amp; Billing<\/a><\/td>\n<td width=\"50%\"><a title=\"Business Support Solutions\" href=\"https:\/\/www.billing.co.at\/de\/diensleistungen\/business-support-solutions\/\"><img decoding=\"async\" class=\"wp-image-57 size-full\" src=\"https:\/\/www.billing.co.at\/de\/wp-content\/uploads\/2014\/11\/7076079d110d8d51a_sbp.jpg\" alt=\"Customer Care\" width=\"113\" height=\"150\" \/><\/a>\n\n<a title=\"Business Support Solutions\" href=\"https:\/\/www.billing.co.at\/de\/diensleistungen\/business-support-solutions\/\">OSS \/BSS Bussiness Support Solutions<\/a><\/td>\n<\/tr>\n<tr>\n<td><a title=\"Business Process Management\" href=\"https:\/\/www.billing.co.at\/de\/diensleistungen\/business-process-management\/\"><img decoding=\"async\" class=\"wp-image-129\" src=\"http:\/\/www.billing.co.at\/de\/wp-content\/uploads\/2014\/11\/bpm_sm.png\" alt=\"Business Process Management\" width=\"151\" height=\"146\" srcset=\"https:\/\/www.billing.co.at\/de\/wp-content\/uploads\/2014\/11\/bpm_sm.png 331w, https:\/\/www.billing.co.at\/de\/wp-content\/uploads\/2014\/11\/bpm_sm-300x290.png 300w\" sizes=\"(max-width: 151px) 100vw, 151px\" \/><\/a>\n\n<a title=\"Business Process Management\" href=\"https:\/\/www.billing.co.at\/de\/diensleistungen\/business-process-management\/\">Business Process Management<\/a><\/td>\n<td><a title=\"Gesch\u00e4ftsprozess Optimierung\" href=\"https:\/\/www.billing.co.at\/de\/diensleistungen\/geschaeftsprozess-optimierung\/\"><img loading=\"lazy\" decoding=\"async\" class=\"wp-image-57\" src=\"http:\/\/www.billing.co.at\/de\/wp-content\/uploads\/2014\/11\/7076079d110d8d51a_sbp.jpg\" alt=\"Customer Care\" width=\"121\" height=\"160\" \/><\/a>\n\n<a title=\"Gesch\u00e4ftsprozess Optimierung\" href=\"https:\/\/www.billing.co.at\/de\/diensleistungen\/geschaeftsprozess-optimierung\/\">Gesch\u00e4ftsprozess Optimierung <\/a><\/td>\n<\/tr>\n<tr>\n<td><a title=\"Datenmigrationen\" href=\"https:\/\/www.billing.co.at\/de\/diensleistungen\/datenmigrationen\/\"><img loading=\"lazy\" decoding=\"async\" class=\"wp-image-127\" src=\"http:\/\/www.billing.co.at\/de\/wp-content\/uploads\/2014\/11\/data_transfer.png\" alt=\"Datenmigration\" width=\"175\" height=\"160\" srcset=\"https:\/\/www.billing.co.at\/de\/wp-content\/uploads\/2014\/11\/data_transfer.png 324w, https:\/\/www.billing.co.at\/de\/wp-content\/uploads\/2014\/11\/data_transfer-300x275.png 300w\" sizes=\"(max-width: 175px) 100vw, 175px\" \/><\/a>\n\n<a title=\"Datenmigrationen\" href=\"https:\/\/www.billing.co.at\/de\/diensleistungen\/datenmigrationen\/\">Datenmigrationen<\/a><\/td>\n<td><a title=\"Datenqualit\u00e4tsmanagement\" href=\"https:\/\/www.billing.co.at\/de\/diensleistungen\/datenqualitaetsmanagement\/\"><img loading=\"lazy\" decoding=\"async\" class=\"wp-image-126\" src=\"http:\/\/www.billing.co.at\/de\/wp-content\/uploads\/2014\/11\/datamigration.bmp\" alt=\"datamigration\" width=\"160\" height=\"160\" \/><\/a>\n\n<a title=\"Datenqualit\u00e4tsmanagement\" href=\"https:\/\/www.billing.co.at\/de\/diensleistungen\/datenqualitaetsmanagement\/\">Datenqualit\u00e4tsmanagement<\/a><\/td>\n<\/tr>\n<tr>\n<td><a title=\"Data Center Projekt Management\" href=\"https:\/\/www.billing.co.at\/de\/diensleistungen\/data-center-projekt-management\/\"><img loading=\"lazy\" decoding=\"async\" class=\"wp-image-341\" src=\"http:\/\/www.billing.co.at\/de\/wp-content\/uploads\/datacenter-300x200.png\" alt=\"Datacenter\" width=\"240\" height=\"160\" srcset=\"https:\/\/www.billing.co.at\/de\/wp-content\/uploads\/datacenter-300x200.png 300w, https:\/\/www.billing.co.at\/de\/wp-content\/uploads\/datacenter.png 640w\" sizes=\"(max-width: 240px) 100vw, 240px\" \/><\/a>\n\n<a title=\"Data Center Projekt Management\" href=\"https:\/\/www.billing.co.at\/de\/diensleistungen\/data-center-projekt-management\/\">Datacenter Project Management<\/a><\/td>\n<td><a title=\"Projektmanagement\" href=\"https:\/\/www.billing.co.at\/de\/diensleistungen\/projektmanagement\/\"><img loading=\"lazy\" decoding=\"async\" class=\"wp-image-368\" src=\"http:\/\/www.billing.co.at\/de\/wp-content\/uploads\/project_management_disciplines-300x292.jpg\" alt=\"Projekt Management\" width=\"164\" height=\"160\" srcset=\"https:\/\/www.billing.co.at\/de\/wp-content\/uploads\/project_management_disciplines-300x292.jpg 300w, https:\/\/www.billing.co.at\/de\/wp-content\/uploads\/project_management_disciplines.jpg 400w\" sizes=\"(max-width: 164px) 100vw, 164px\" \/><\/a>\n\n<a title=\"Projektmanagement\" href=\"https:\/\/www.billing.co.at\/de\/diensleistungen\/projektmanagement\/\">Projekt Management nach IPMA Standard<\/a><\/td>\n<\/tr>\n<tr>\n<td><a title=\"Systems and Enterprise architecture\" href=\"https:\/\/www.billing.co.at\/en\/services\/systems-and-enterprise-architecture\/\"><img loading=\"lazy\" decoding=\"async\" class=\"wp-image-580\" src=\"http:\/\/www.billing.co.at\/en\/wp-content\/uploads\/Functional-IT-Architecture-150x150.jpg\" alt=\"System and Solution Architecture\" width=\"213\" height=\"160\" \/><\/a>\n\n<a title=\"Systems and Enterprise architecture\" href=\"https:\/\/www.billing.co.at\/en\/services\/systems-and-enterprise-architecture\/\">System and Solution Architecture<\/a><\/td>\n<td><a title=\"Systems Integration\" href=\"https:\/\/www.billing.co.at\/en\/services\/systems-integration\/\"><img loading=\"lazy\" decoding=\"async\" class=\"wp-image-585\" src=\"http:\/\/www.billing.co.at\/en\/wp-content\/uploads\/system-integration-150x150.png\" alt=\"System integration\" width=\"199\" height=\"199\" \/><\/a>\n\n<a title=\"Systems Integration\" href=\"https:\/\/www.billing.co.at\/en\/services\/systems-integration\/\">System Integration<\/a><\/td>\n<\/tr>\n<tr>\n<td><a href=\"https:\/\/www.billing.co.at\/en\/services\/functional-technical-concepts\/\"><img loading=\"lazy\" decoding=\"async\" class=\"wp-image-591\" src=\"http:\/\/www.billing.co.at\/en\/wp-content\/uploads\/functional-specification-150x150.png\" alt=\"Functional and technical designs, concepts &amp; specifications\" width=\"231\" height=\"160\" \/><\/a>\n\n<a title=\"Functional &amp; technical designs, concepts &amp; specifications\" href=\"https:\/\/www.billing.co.at\/en\/services\/functional-technical-concepts\/\">Funktionale und technische Designs, Konzepte &amp; Spezifikationen<\/a><\/td>\n<td><a href=\"https:\/\/www.billing.co.at\/de\/diensleistungen\/\"><img loading=\"lazy\" decoding=\"async\" class=\"wp-image-591 alignleft\" src=\"https:\/\/www.billing.co.at\/de\/wp-content\/uploads\/seal-csm.png\" alt=\"SCRUM Master\" width=\"104\" height=\"104\" \/><img loading=\"lazy\" decoding=\"async\" class=\"wp-image-591 alignleft\" src=\"https:\/\/www.billing.co.at\/de\/wp-content\/uploads\/seal-cspo.png\" alt=\"SCRUM Product Owner\" width=\"104\" height=\"104\" \/><img loading=\"lazy\" decoding=\"async\" src=\"https:\/\/www.billing.co.at\/de\/wp-content\/uploads\/SAFe-LPM.png\" alt=\"SAFe\" width=\"104\" height=\"104\" \/><\/a>\n\n<a href=\"https:\/\/www.billing.co.at\/de\/diensleistungen\/\">Dienstleistungen mit SCRUM und SAFe<\/a><\/td>\n<\/tr>\n<\/tbody>\n<\/table>\n<strong><span class=\"has-inline-color has-vivid-green-cyan-color\">Das Leistungsportfolio wird laufend an Kundenbed\u00fcrfnisse angepasst. Das gilt f\u00fcr Tiefgang und Breite aller Unternehmensleistungen.<\/span><\/strong>\n\n<!-- \/wp:post-content -->","protected":false},"excerpt":{"rendered":"<p>Nutzen Sie die Vorteile des Managements auf Zeit mit dem bedarfsorientierten Einsatz von Experten bei der Implementierung neuer Softwaresysteme. Ein ganzheitlicher Ansatz zur Integration der IT-L\u00f6sungen in die Gesamtstrategie und die Gesch\u00e4ftsanforderungen eines Unternehmens bestimmt unsere Arbeitsweise. Alle Projektphasen und deren Aufgabenumfang werden im Projektsteuerungsprozess von Anfang an auf einander abgestimmt. Wir begleiten den komplexen Prozess des IT-Managements von der Strategiefindung bis zur Implementierung . Dazu geh\u00f6rt eine unterst\u00fctzende Aufbau- und Ablauforganisation ebenso wie die Auswahl und die Realisierung von<\/p>\n","protected":false},"author":1,"featured_media":0,"parent":0,"menu_order":1,"comment_status":"closed","ping_status":"closed","template":"","meta":{"footnotes":""},"class_list":["post-6","page","type-page","status-publish","hentry"],"_links":{"self":[{"href":"https:\/\/www.billing.co.at\/de\/wp-json\/wp\/v2\/pages\/6","targetHints":{"allow":["GET"]}}],"collection":[{"href":"https:\/\/www.billing.co.at\/de\/wp-json\/wp\/v2\/pages"}],"about":[{"href":"https:\/\/www.billing.co.at\/de\/wp-json\/wp\/v2\/types\/page"}],"author":[{"embeddable":true,"href":"https:\/\/www.billing.co.at\/de\/wp-json\/wp\/v2\/users\/1"}],"replies":[{"embeddable":true,"href":"https:\/\/www.billing.co.at\/de\/wp-json\/wp\/v2\/comments?post=6"}],"version-history":[{"count":66,"href":"https:\/\/www.billing.co.at\/de\/wp-json\/wp\/v2\/pages\/6\/revisions"}],"predecessor-version":[{"id":898,"href":"https:\/\/www.billing.co.at\/de\/wp-json\/wp\/v2\/pages\/6\/revisions\/898"}],"wp:attachment":[{"href":"https:\/\/www.billing.co.at\/de\/wp-json\/wp\/v2\/media?parent=6"}],"curies":[{"name":"wp","href":"https:\/\/api.w.org\/{rel}","templated":true}]}}