{"id":527,"date":"2021-01-28T10:38:32","date_gmt":"2021-01-28T09:38:32","guid":{"rendered":"http:\/\/www.billing.co.at\/de\/?page_id=527"},"modified":"2026-02-28T13:40:58","modified_gmt":"2026-02-28T12:40:58","slug":"sap","status":"publish","type":"page","link":"https:\/\/www.billing.co.at\/de\/sap\/","title":{"rendered":"SAP"},"content":{"rendered":"\r\n<p><strong>aktuelles SAP know-how<\/strong><\/p>\r\n\r\n\r\n\r\n<p>Hier finden Sie Informationen zu absolvierten SAP Ausbildungen.<\/p>\r\n<p>Nachdem SAP das Ausbildungsprogramm umgestellt und auch alle Teilnahmebest\u00e4tigungen, Zeugnisse und Zertifizierungen bei der Umstellung gel\u00f6scht hat, wurden die &#8211; nun nicht mehr g\u00fcltigen &#8211; links entfernt. Man konnte die Teilnahmebest\u00e4tigungen, Zeugnisse und Zertifizierungen zuvor als pdf herunterladen.\u00a0<\/p>\r\n<p>Auf <a href=\"https:\/\/www.billing.co.at\/de\/kontakt\/\" target=\"_blank\" rel=\"noopener\">Anfrage<\/a> stellen wir diese gerne zur Verf\u00fcgung.<\/p>\r\n<h5>Aktualisierungen zu den Ausbildungen und Zertifizierungen nach dem neuen Schema von SAP folgen in K\u00fcrze auf dieser Seite.<\/h5>\r\n\r\n\r\n\r\n\r\n\r\n<p>Cloud-Native Operations with SAP Cloud Platform<\/p>\r\n\r\n\r\n\r\n<figure class=\"wp-block-image size-large\"><img fetchpriority=\"high\" decoding=\"async\" width=\"235\" height=\"235\" class=\"wp-image-655\" src=\"https:\/\/www.billing.co.at\/de\/wp-content\/uploads\/Cloud-Native-Operations-with-SAP-Cloud.png\" alt=\"\" srcset=\"https:\/\/www.billing.co.at\/de\/wp-content\/uploads\/Cloud-Native-Operations-with-SAP-Cloud.png 235w, https:\/\/www.billing.co.at\/de\/wp-content\/uploads\/Cloud-Native-Operations-with-SAP-Cloud-150x150.png 150w\" sizes=\"(max-width: 235px) 100vw, 235px\" \/><\/figure>\r\n\r\n\r\n\r\n<p>Maps and 3D Made Easy with SAPUI5<\/p>\r\n\r\n\r\n\r\n<figure class=\"wp-block-image\">&lt;<img decoding=\"async\" class=\"wp-image-539\" src=\"https:\/\/www.billing.co.at\/de\/wp-content\/uploads\/Maps-and-3D-Made-Easy-with-SAPUI5-Badge.jpg\" alt=\"\" \/><\/figure>\r\n\r\n\r\n\r\n<p>Understanding SAP Fiori Launchpad<\/p>\r\n\r\n\r\n\r\n<figure class=\"wp-block-image size-large\"><img decoding=\"async\" width=\"235\" height=\"236\" class=\"wp-image-654\" src=\"https:\/\/www.billing.co.at\/de\/wp-content\/uploads\/Understanding-SAP-Fiori-Launchpad.png\" alt=\"\" srcset=\"https:\/\/www.billing.co.at\/de\/wp-content\/uploads\/Understanding-SAP-Fiori-Launchpad.png 235w, https:\/\/www.billing.co.at\/de\/wp-content\/uploads\/Understanding-SAP-Fiori-Launchpad-150x150.png 150w\" sizes=\"(max-width: 235px) 100vw, 235px\" \/><\/figure>\r\n\r\n\r\n\r\n<p>SAP Translation Hub in a Nutshell\u00a0<\/p>\r\n\r\n\r\n\r\n<figure class=\"wp-block-image size-large\"><img decoding=\"async\" width=\"235\" height=\"236\" class=\"wp-image-653\" src=\"https:\/\/www.billing.co.at\/de\/wp-content\/uploads\/SAP-Translation-Hub-in-a-Nutshell.png\" alt=\"\" srcset=\"https:\/\/www.billing.co.at\/de\/wp-content\/uploads\/SAP-Translation-Hub-in-a-Nutshell.png 235w, https:\/\/www.billing.co.at\/de\/wp-content\/uploads\/SAP-Translation-Hub-in-a-Nutshell-150x150.png 150w\" sizes=\"(max-width: 235px) 100vw, 235px\" \/><\/figure>\r\n\r\n\r\n\r\n<p>SAP Leonardo Design-Led Engagements Demystified\u00a0<\/p>\r\n\r\n\r\n\r\n<figure class=\"wp-block-image size-large\"><img loading=\"lazy\" decoding=\"async\" width=\"235\" height=\"236\" class=\"wp-image-652\" src=\"https:\/\/www.billing.co.at\/de\/wp-content\/uploads\/SAP-Leonardo-Design-Led-Engagements.png\" alt=\"\" srcset=\"https:\/\/www.billing.co.at\/de\/wp-content\/uploads\/SAP-Leonardo-Design-Led-Engagements.png 235w, https:\/\/www.billing.co.at\/de\/wp-content\/uploads\/SAP-Leonardo-Design-Led-Engagements-150x150.png 150w\" sizes=\"(max-width: 235px) 100vw, 235px\" \/><\/figure>\r\n\r\n\r\n\r\n<p>Enterprise Machine Learning in a Nutshell<\/p>\r\n\r\n\r\n\r\n<p>SAP Transformation Navigator in a Nutshell<\/p>\r\n\r\n\r\n\r\n<p><strong>\u00a0S\/4 HANA<\/strong><\/p>\r\n\r\n\r\n\r\n<p>Procurement Transformation with SAP Ariba and SAP S\/4HANA (2017)<\/p>\r\n\r\n\r\n\r\n<figure class=\"wp-block-image size-large\"><img loading=\"lazy\" decoding=\"async\" width=\"235\" height=\"236\" class=\"wp-image-657\" src=\"https:\/\/www.billing.co.at\/de\/wp-content\/uploads\/Procurement-Transformation-with-SAP-Ariba-and-SAP-S4HANA.png\" alt=\"\" srcset=\"https:\/\/www.billing.co.at\/de\/wp-content\/uploads\/Procurement-Transformation-with-SAP-Ariba-and-SAP-S4HANA.png 235w, https:\/\/www.billing.co.at\/de\/wp-content\/uploads\/Procurement-Transformation-with-SAP-Ariba-and-SAP-S4HANA-150x150.png 150w\" sizes=\"(max-width: 235px) 100vw, 235px\" \/><\/figure>\r\n\r\n\r\n\r\n<p>&nbsp;<\/p>\r\n\r\n\r\n\r\n<p>Software Development on SAP HANA<\/p>\r\n\r\n\r\n\r\n<p>Extending SAP SuccessFactors with SAP Cloud Platform<\/p>\r\n\r\n\r\n\r\n<p>Implementation of SAP S\/4HANA<\/p>\r\n\r\n\r\n\r\n<p>SAP S\/4HANA in a Nutshell<\/p>\r\n\r\n\r\n\r\n<p>SAP S\/4HANA \u2013 Use Cases<\/p>\r\n\r\n\r\n\r\n<p>SAP S\/4HANA \u2013 Deep Dive<\/p>\r\n","protected":false},"excerpt":{"rendered":"<p>aktuelles SAP know-how Hier finden Sie Informationen zu absolvierten SAP Ausbildungen. Nachdem SAP das Ausbildungsprogramm umgestellt und auch alle Teilnahmebest\u00e4tigungen, Zeugnisse und Zertifizierungen bei der Umstellung gel\u00f6scht hat, wurden die &#8211; nun nicht mehr g\u00fcltigen &#8211; links entfernt. Man konnte die Teilnahmebest\u00e4tigungen, Zeugnisse und Zertifizierungen zuvor als pdf herunterladen.\u00a0 Auf Anfrage stellen wir diese gerne zur Verf\u00fcgung. Aktualisierungen zu den Ausbildungen und Zertifizierungen nach dem neuen Schema von SAP folgen in K\u00fcrze auf dieser Seite. Cloud-Native Operations with SAP Cloud<\/p>\n","protected":false},"author":1,"featured_media":0,"parent":0,"menu_order":0,"comment_status":"closed","ping_status":"closed","template":"","meta":{"footnotes":""},"class_list":["post-527","page","type-page","status-publish","hentry"],"_links":{"self":[{"href":"https:\/\/www.billing.co.at\/de\/wp-json\/wp\/v2\/pages\/527","targetHints":{"allow":["GET"]}}],"collection":[{"href":"https:\/\/www.billing.co.at\/de\/wp-json\/wp\/v2\/pages"}],"about":[{"href":"https:\/\/www.billing.co.at\/de\/wp-json\/wp\/v2\/types\/page"}],"author":[{"embeddable":true,"href":"https:\/\/www.billing.co.at\/de\/wp-json\/wp\/v2\/users\/1"}],"replies":[{"embeddable":true,"href":"https:\/\/www.billing.co.at\/de\/wp-json\/wp\/v2\/comments?post=527"}],"version-history":[{"count":26,"href":"https:\/\/www.billing.co.at\/de\/wp-json\/wp\/v2\/pages\/527\/revisions"}],"predecessor-version":[{"id":1946,"href":"https:\/\/www.billing.co.at\/de\/wp-json\/wp\/v2\/pages\/527\/revisions\/1946"}],"wp:attachment":[{"href":"https:\/\/www.billing.co.at\/de\/wp-json\/wp\/v2\/media?parent=527"}],"curies":[{"name":"wp","href":"https:\/\/api.w.org\/{rel}","templated":true}]}}