{"id":495,"date":"2021-01-28T10:18:02","date_gmt":"2021-01-28T09:18:02","guid":{"rendered":"http:\/\/www.billing.co.at\/de\/?page_id=495"},"modified":"2021-04-15T15:40:12","modified_gmt":"2021-04-15T14:40:12","slug":"teamarbeit-und-teamfuehrung","status":"publish","type":"page","link":"https:\/\/www.billing.co.at\/de\/diensleistungen\/projektmanagement\/teamarbeit-und-teamfuehrung\/","title":{"rendered":"Teamarbeit und Teamf\u00fchrung"},"content":{"rendered":"<img decoding=\"async\" class=\"wp-image-165 alignright\" src=\"https:\/\/www.billing.co.at\/de\/wp-content\/uploads\/team1-300x195.jpg\" alt=\"Datenqualit\u00e4t\" width=\"199\" height=\"150\">\n<h5><\/h5>\n<h5><\/h5>\n<h5>Meine Strategie zur Teamarbeit und Teamf\u00fchrung<\/h5>\n<ul>\n \t<li>Transparente F\u00fchrung,<\/li>\n \t<li>Vertrauen in die Leistung des Teams<\/li>\n \t<li>Kritikf\u00e4higkeit und Innovationskraft<\/li>\n \t<li>Chancengleichheit \u2013 Ber\u00fccksichtigung der St\u00e4rken und Schw\u00e4chen jedes Einzelnen ohne die Bildung von Vorurteilen.<\/li>\n \t<li>Objektivit\u00e4t \u2013 Konflikte gemeinsam auf sachlicher und professioneller Ebene l\u00f6sen.<\/li>\n \t<li>Respekt \u2013 Wir arbeiten Miteinander auf Basis einer partnerschaftlichen, freundlichen und verbindlichen Kommunikation.<\/li>\n \t<li>Anerkennung \u2013 Wir interessieren uns f\u00fcr das was andere leisten und erkennen die T\u00e4tigkeit jedes Einzelnen an.<\/li>\n \t<li>Wir helfen dort, wo Unterst\u00fctzung ben\u00f6tigt wird und bew\u00e4ltigen Aufgaben gemeinsam.<\/li>\n \t<li>Innovation \u2013 Wir h\u00f6ren nicht auf besser zu werden und begleiten Ver\u00e4nderungen und Ideen aktiv.<\/li>\n<\/ul>\n<!-- \/wp:post-content -->","protected":false},"excerpt":{"rendered":"<p>Meine Strategie zur Teamarbeit und Teamf\u00fchrung Transparente F\u00fchrung, Vertrauen in die Leistung des Teams Kritikf\u00e4higkeit und Innovationskraft Chancengleichheit \u2013 Ber\u00fccksichtigung der St\u00e4rken und Schw\u00e4chen jedes Einzelnen ohne die Bildung von Vorurteilen. Objektivit\u00e4t \u2013 Konflikte gemeinsam auf sachlicher und professioneller Ebene l\u00f6sen. Respekt \u2013 Wir arbeiten Miteinander auf Basis einer partnerschaftlichen, freundlichen und verbindlichen Kommunikation. Anerkennung \u2013 Wir interessieren uns f\u00fcr das was andere leisten und erkennen die T\u00e4tigkeit jedes Einzelnen an. Wir helfen dort, wo Unterst\u00fctzung ben\u00f6tigt wird und bew\u00e4ltigen<\/p>\n","protected":false},"author":1,"featured_media":0,"parent":357,"menu_order":0,"comment_status":"closed","ping_status":"closed","template":"","meta":{"footnotes":""},"class_list":["post-495","page","type-page","status-publish","hentry"],"_links":{"self":[{"href":"https:\/\/www.billing.co.at\/de\/wp-json\/wp\/v2\/pages\/495","targetHints":{"allow":["GET"]}}],"collection":[{"href":"https:\/\/www.billing.co.at\/de\/wp-json\/wp\/v2\/pages"}],"about":[{"href":"https:\/\/www.billing.co.at\/de\/wp-json\/wp\/v2\/types\/page"}],"author":[{"embeddable":true,"href":"https:\/\/www.billing.co.at\/de\/wp-json\/wp\/v2\/users\/1"}],"replies":[{"embeddable":true,"href":"https:\/\/www.billing.co.at\/de\/wp-json\/wp\/v2\/comments?post=495"}],"version-history":[{"count":17,"href":"https:\/\/www.billing.co.at\/de\/wp-json\/wp\/v2\/pages\/495\/revisions"}],"predecessor-version":[{"id":881,"href":"https:\/\/www.billing.co.at\/de\/wp-json\/wp\/v2\/pages\/495\/revisions\/881"}],"up":[{"embeddable":true,"href":"https:\/\/www.billing.co.at\/de\/wp-json\/wp\/v2\/pages\/357"}],"wp:attachment":[{"href":"https:\/\/www.billing.co.at\/de\/wp-json\/wp\/v2\/media?parent=495"}],"curies":[{"name":"wp","href":"https:\/\/api.w.org\/{rel}","templated":true}]}}