{"id":357,"date":"2021-01-28T10:01:43","date_gmt":"2021-01-28T09:01:43","guid":{"rendered":"http:\/\/www.billing.co.at\/test\/?page_id=357"},"modified":"2021-01-29T12:48:46","modified_gmt":"2021-01-29T11:48:46","slug":"projektmanagement","status":"publish","type":"page","link":"https:\/\/www.billing.co.at\/de\/diensleistungen\/projektmanagement\/","title":{"rendered":"Projektmanagement nach IPMA Standard"},"content":{"rendered":"<p><img fetchpriority=\"high\" decoding=\"async\" class=\"alignnone  wp-image-363\" src=\"http:\/\/www.billing.co.at\/de\/wp-content\/uploads\/project-management-wordcloud-21664175-300x211.jpg\" alt=\"\" width=\"611\" height=\"430\" srcset=\"https:\/\/www.billing.co.at\/de\/wp-content\/uploads\/project-management-wordcloud-21664175-300x211.jpg 300w, https:\/\/www.billing.co.at\/de\/wp-content\/uploads\/project-management-wordcloud-21664175-1024x721.jpg 1024w, https:\/\/www.billing.co.at\/de\/wp-content\/uploads\/project-management-wordcloud-21664175.jpg 1296w\" sizes=\"(max-width: 611px) 100vw, 611px\" \/><\/p>\n<h5>Interim management, Senior Project Management, zertifiziert IPMA Level B<\/h5>\n<p style=\"text-align: justify;\">Wir bieten fachliches und technisches Projektmanagement. Ich bin unabh\u00e4ngig und flexibel und biete spezielles Wissen, Know-how und Ressourcen f\u00fcr den Kunden, welche intern nicht zur richtigen Zeit zur Verf\u00fcgung stehen. Nutzen Sie die Vorteile des Interim-Management durch uns f\u00fcr einen begrenzten Zeitraum, wenn eigene Managementressourcen knapp sind.<\/p>\n<p style=\"text-align: justify;\">Die Interaktion zwischen IT und Fachabteilungen, zu Rechenzentren und externen Lieferanten zu steuern und zu optimieren und Ressourcen optimal einzusetzen ist sehr wichtig bei der Ausf\u00fchrung von IT\u2013Projekten.<\/p>\n<p style=\"text-align: justify;\">Besonders IT-Gro\u00dfprojekte haben ihre eigene Dynamik. Die Qualit\u00e4t und Vollst\u00e4ndigkeit der Konzepte und die korrekte und vollst\u00e4ndige technische Realisierung sind entscheidend f\u00fcr Ihren Projekterfolg.<\/p>\n<p style=\"text-align: justify;\">Auch sollte man den Aufwand f\u00fcr die Testdurchf\u00fchrung nicht untersch\u00e4tzen. Nur so kann man das Risiko minimieren, dass mangelhafte Software in Produktion geht und dass die Fehler finanzielle Sch\u00e4den verursachen. Qualit\u00e4tsgesicherte sinnvolle und angemessene Testkonzepte sind unverzichtbar. Dar\u00fcber hinaus bedarf es klare Regelungen f\u00fcr Verantwortlichkeiten und einfache, aber schriftliche Abnahmeverfahren.<\/p>\n<p style=\"text-align: justify;\">Ich biete Projektmanagement nach den modernen Methoden der IT-Governance (IPMA, Prince2) mit allen zugeh\u00f6rigen Aufgaben<\/p>\n<p><img decoding=\"async\" class=\"wp-image-362 size-medium alignright\" src=\"http:\/\/www.billing.co.at\/de\/wp-content\/uploads\/project-management-2-300x199.jpg\" alt=\"Projektmanagement\" width=\"300\" height=\"199\" srcset=\"https:\/\/www.billing.co.at\/de\/wp-content\/uploads\/project-management-2-300x199.jpg 300w, https:\/\/www.billing.co.at\/de\/wp-content\/uploads\/project-management-2.jpg 778w\" sizes=\"(max-width: 300px) 100vw, 300px\" \/><\/p>\n<ul>\n<li style=\"text-align: justify;\">Management-Entscheidungsvorlagen<\/li>\n<li>Planung<\/li>\n<li>Analyse<\/li>\n<li>Risikobewertung<\/li>\n<li>Aufwandskalkulation<\/li>\n<li>Kontrolle (Zeit &amp; Budget)<\/li>\n<li>Projektberichterstellung, Reporting<\/li>\n<li>Durchf\u00fchrung von Workshops<\/li>\n<li>Kommunikation mit dem Endkunden, Fachabteilungen, Management und allen andere Stakeholdern<\/li>\n<li>F\u00fchrung von verteilten internationalen Teams und und externer Partner\/Lieferanten<\/li>\n<li>usw.<\/li>\n<li style=\"list-style-type: none;\"><\/li>\n<\/ul>\n","protected":false},"excerpt":{"rendered":"<p>Interim management, Senior Project Management, zertifiziert IPMA Level B Wir bieten fachliches und technisches Projektmanagement. Ich bin unabh\u00e4ngig und flexibel und biete spezielles Wissen, Know-how und Ressourcen f\u00fcr den Kunden, welche intern nicht zur richtigen Zeit zur Verf\u00fcgung stehen. Nutzen Sie die Vorteile des Interim-Management durch uns f\u00fcr einen begrenzten Zeitraum, wenn eigene Managementressourcen knapp sind. Die Interaktion zwischen IT und Fachabteilungen, zu Rechenzentren und externen Lieferanten zu steuern und zu optimieren und Ressourcen optimal einzusetzen ist sehr wichtig bei<\/p>\n","protected":false},"author":1,"featured_media":0,"parent":6,"menu_order":8,"comment_status":"closed","ping_status":"closed","template":"","meta":{"footnotes":""},"class_list":["post-357","page","type-page","status-publish","hentry"],"_links":{"self":[{"href":"https:\/\/www.billing.co.at\/de\/wp-json\/wp\/v2\/pages\/357","targetHints":{"allow":["GET"]}}],"collection":[{"href":"https:\/\/www.billing.co.at\/de\/wp-json\/wp\/v2\/pages"}],"about":[{"href":"https:\/\/www.billing.co.at\/de\/wp-json\/wp\/v2\/types\/page"}],"author":[{"embeddable":true,"href":"https:\/\/www.billing.co.at\/de\/wp-json\/wp\/v2\/users\/1"}],"replies":[{"embeddable":true,"href":"https:\/\/www.billing.co.at\/de\/wp-json\/wp\/v2\/comments?post=357"}],"version-history":[{"count":19,"href":"https:\/\/www.billing.co.at\/de\/wp-json\/wp\/v2\/pages\/357\/revisions"}],"predecessor-version":[{"id":830,"href":"https:\/\/www.billing.co.at\/de\/wp-json\/wp\/v2\/pages\/357\/revisions\/830"}],"up":[{"embeddable":true,"href":"https:\/\/www.billing.co.at\/de\/wp-json\/wp\/v2\/pages\/6"}],"wp:attachment":[{"href":"https:\/\/www.billing.co.at\/de\/wp-json\/wp\/v2\/media?parent=357"}],"curies":[{"name":"wp","href":"https:\/\/api.w.org\/{rel}","templated":true}]}}