{"id":2,"date":"2021-01-28T10:23:16","date_gmt":"2021-01-28T09:23:16","guid":{"rendered":"https:\/\/www.billing.co.at\/de\/"},"modified":"2024-03-20T16:34:45","modified_gmt":"2024-03-20T15:34:45","slug":"willkommen","status":"publish","type":"page","link":"https:\/\/www.billing.co.at\/de\/","title":{"rendered":"Willkommen"},"content":{"rendered":"<p>Es freut mich, dass Sie meinen Internetauftritt entdeckt haben.<\/p>\n<p>Als leistungsf\u00e4higer Spezialist bin ich seit 1999 aktiv in die Durchf\u00fchrung oder Leitung von Gro\u00dfprojekten, Migrationen und Softwareentwicklung mit Schwerpunkt Billingsysteme im Bereich Telekommunikation, Versicherungen und Banken in ganz Europa als SME (Subject Matter Expert) involviert.<\/p>\n<p>Auf den folgenden Seiten will ich Ihnen meine Erfahrung und die daraus resultierenden Dienstleistungen n\u00e4her bringen.<\/p>\n<h4>Ziele<\/h4>\n<hr size=\"1\" \/>\n<p>Ob es um die Einf\u00fchrung eines Portals, eines neues Billing-Systems, die Umstellung auf eine serviceorientierte Architektur (SOA) oder die Automatisierung der Gesch\u00e4ftsprozesse geht, neue Technologien bringen auch immer neue Anforderungen an die Arbeitsweise mit sich.<br \/>\nSchnell sind die Plattformen ausgew\u00e4hlt und eingef\u00fchrt \u2013 h\u00e4ufig zu schnell. Neben einer verantwortungsvollen Auswahl der Werkzeuge geh\u00f6rt ebenso die Einf\u00fchrung der notwendigen Projektkultur und Prozesse zur erfolgreichen Einf\u00fchrung eines Systems. Ver\u00e4nderungen und Umstrukturierungen im Bereich Systemanwendungen sind komplex, zeit- und kostenintensiv. Daher sind die Vorteile der Zentralisierung von Systemen oder der Vereinfachung von Strukturen und Prozessen seit Jahren bekannt.<br \/>\nH\u00f6here Effizienz steigert die Ertr\u00e4ge und senkt die Aufwendungen langfristig. Nur so kann der volle Leistungsumfang der Produkte bzw. L\u00f6sungen genutzt, Mehrwerte geschaffen und Kosten eingespart werden.<\/p>\n<h4>Arbeitsphilosophie<\/h4>\n<hr size=\"1\" \/>\n<p>Profitieren Sie von den Prinzipien meiner Arbeit:<\/p>\n<ul>\n<li>Analysieren<\/li>\n<li>Vereinfachen<\/li>\n<li>Standardisieren<\/li>\n<li>Automatisieren<\/li>\n<li>Globalisieren<\/li>\n<\/ul>\n<p>Alle f\u00fcr ein Unternehmen relevanten Informationen werden so erfasst und aufbereitet, dass konsistente Daten hoher Qualit\u00e4t jederzeit gleichzeitig genutzt werden k\u00f6nnen. Bei der Strukturierung dieser Prozesse setze ich auf Erfahrung, Kompetenz und ein fundiertes Fach-Know-how.<\/p>\n<h4>Meine St\u00e4rken<\/h4>\n<hr size=\"1\" \/>\n<ul>\n<li>permanente Entwicklung der kundengerichteten Dienstleistungsqualit\u00e4t<\/li>\n<li>kritischer Blick und schnelle Auffassungsgabe<\/li>\n<li>Entwicklung eines Problembewusstseins aus Kundensicht<\/li>\n<li>Vertrauen in die Leistung des Teams, <a title=\"Teamarbeit und Teamf\u00fchrung\" href=\"https:\/\/www.billing.co.at\/de\/diensleistungen\/projektmanagement\/teamarbeit-und-teamfuehrung\/\"><span style=\"text-decoration: underline;\">mehr zur Teamarbeit &gt;&gt;<\/span><\/a><\/li>\n<li>Transparente F\u00fchrung<\/li>\n<li>Innovation \u2013 Wir h\u00f6ren nicht auf besser zu werden und begleiten Ver\u00e4nderungen und Ideen aktiv.<\/li>\n<\/ul>\n<p><br class=\"wp-more-tag mce-wp-more\" title=\"Weiterlesen \u2026\" data-wp-more-text=\"\" data-wp-more=\"more\" data-mce-placeholder=\"1\" \/><strong>Meine Dienstleistungen finden Sie <a title=\"Dienstleistungen\" href=\"https:\/\/www.billing.co.at\/de\/diensleistungen\/\"><span style=\"text-decoration: underline;\">hier &gt;&gt;<\/span><\/a><\/strong><\/p>\n","protected":false},"excerpt":{"rendered":"<p>Es freut mich, dass Sie meinen Internetauftritt entdeckt haben. Als leistungsf\u00e4higer Spezialist bin ich seit 1999 aktiv in die Durchf\u00fchrung oder Leitung von Gro\u00dfprojekten, Migrationen und Softwareentwicklung mit Schwerpunkt Billingsysteme im Bereich Telekommunikation, Versicherungen und Banken in ganz Europa als SME (Subject Matter Expert) involviert. Auf den folgenden Seiten will ich Ihnen meine Erfahrung und die daraus resultierenden Dienstleistungen n\u00e4her bringen. Ziele Ob es um die Einf\u00fchrung eines Portals, eines neues Billing-Systems, die Umstellung auf eine serviceorientierte Architektur (SOA) oder<\/p>\n","protected":false},"author":1,"featured_media":0,"parent":0,"menu_order":0,"comment_status":"closed","ping_status":"closed","template":"","meta":{"footnotes":""},"class_list":["post-2","page","type-page","status-publish","hentry"],"_links":{"self":[{"href":"https:\/\/www.billing.co.at\/de\/wp-json\/wp\/v2\/pages\/2","targetHints":{"allow":["GET"]}}],"collection":[{"href":"https:\/\/www.billing.co.at\/de\/wp-json\/wp\/v2\/pages"}],"about":[{"href":"https:\/\/www.billing.co.at\/de\/wp-json\/wp\/v2\/types\/page"}],"author":[{"embeddable":true,"href":"https:\/\/www.billing.co.at\/de\/wp-json\/wp\/v2\/users\/1"}],"replies":[{"embeddable":true,"href":"https:\/\/www.billing.co.at\/de\/wp-json\/wp\/v2\/comments?post=2"}],"version-history":[{"count":13,"href":"https:\/\/www.billing.co.at\/de\/wp-json\/wp\/v2\/pages\/2\/revisions"}],"predecessor-version":[{"id":970,"href":"https:\/\/www.billing.co.at\/de\/wp-json\/wp\/v2\/pages\/2\/revisions\/970"}],"wp:attachment":[{"href":"https:\/\/www.billing.co.at\/de\/wp-json\/wp\/v2\/media?parent=2"}],"curies":[{"name":"wp","href":"https:\/\/api.w.org\/{rel}","templated":true}]}}