{"id":196,"date":"2021-01-28T10:54:52","date_gmt":"2021-01-28T09:54:52","guid":{"rendered":"http:\/\/www.billing.co.at\/test\/?page_id=196"},"modified":"2024-12-30T15:47:26","modified_gmt":"2024-12-30T14:47:26","slug":"haftungsausschluss","status":"publish","type":"page","link":"https:\/\/www.billing.co.at\/de\/kontakt\/haftungsausschluss\/","title":{"rendered":"Haftungsausschluss"},"content":{"rendered":"<p><img decoding=\"async\" class=\"wp-image-51 alignright\" src=\"http:\/\/www.billing.co.at\/de\/wp-content\/uploads\/2014\/11\/agb.png\" alt=\"agb\" width=\"185\" height=\"198\" srcset=\"https:\/\/www.billing.co.at\/de\/wp-content\/uploads\/2014\/11\/agb.png 360w, https:\/\/www.billing.co.at\/de\/wp-content\/uploads\/2014\/11\/agb-279x300.png 279w\" sizes=\"(max-width: 185px) 100vw, 185px\" \/><\/p>\n<p><strong>Inhalt des Onlineangebotes<\/strong><\/p>\n<p style=\"text-align: justify;\">Ich \u00fcbernehme keinerlei Gew\u00e4hr f\u00fcr die Aktualit\u00e4t, Korrektheit, Vollst\u00e4ndigkeit oder Qualit\u00e4t der bereitgestellten Informationen. Haftungsanspr\u00fcche, welche sich auf Sch\u00e4den materieller oder ideeller Art beziehen, die durch die Nutzung oder Nichtnutzung der dargebotenen Informationen bzw. durch die Nutzung fehlerhafter und unvollst\u00e4ndiger Informationen verursacht wurden sind grunds\u00e4tzlich ausgeschlossen, sofern kein nachweislich vors\u00e4tzliches oder grob fahrl\u00e4ssiges Verschulden vorliegt. Alle Angebote sind freibleibend und unverbindlich. Ich behalte mir ausdr\u00fccklich vor, Teile der Seiten oder das gesamte Angebot ohne gesonderte Ank\u00fcndigung zu ver\u00e4ndern, zu erg\u00e4nzen, zu l\u00f6schen oder die Ver\u00f6ffentlichung zeitweise oder endg\u00fcltig einzustellen.<\/p>\n<p><strong>Angebot<\/strong><\/p>\n<p style=\"text-align: justify;\">Die auf dieser Website publizierten Informationen und Aussagen, stellen weder ein Angebot oder eine Aufforderung zum Kauf oder Verkauf von Produkten wie insbesondere Wertpapiere dar. Das Angebot bezieht sich auf die Anfrage zur Erbringung von IT- und Beratungsdienstleistungen. Keine Gew\u00e4hrleistung der Inhalte: Wir \u00fcbernehmen keine Gew\u00e4hrleistung (weder ausdr\u00fccklich noch stillschweigend) f\u00fcr Richtigkeit, Vollst\u00e4ndigkeit und Aktualit\u00e4t der auf der Website publizierten Informationen und Meinungs\u00e4u\u00dferungen. Die Nutzung der auf den Internetseiten zur Verf\u00fcgung gestellten Inhalte und Informationen erfolgt auf alleinige Gefahr der Benutzer. Wir schlie\u00dfen uneingeschr\u00e4nkt jede Haftung f\u00fcr Verluste oder direkte, indirekte Sch\u00e4den irgendwelcher Art aus, die sich aus der Benutzung oder dem Zugriff auf diese Webseite oder aus Links zu Webseiten Dritter ergeben k\u00f6nnten. Wir behalten es uns ausdr\u00fccklich vor, Teile der Seiten oder das gesamte Angebot ohne gesonderte Ank\u00fcndigung zu ver\u00e4ndern, zu erg\u00e4nzen, zu l\u00f6schen oder die Ver\u00f6ffentlichung zeitweise oder endg\u00fcltig einzustellen.<\/p>\n<p><strong>Verweise und Links<\/strong><\/p>\n<p style=\"text-align: justify;\">Ich \u00fcberpr\u00fcfe keine Websites von Dritten, auf die mittels Link verwiesen wird und \u00fcbernehme keine Verantwortung und Haftung f\u00fcr die Richtigkeit, Vollst\u00e4ndigkeit und Rechtm\u00e4ssigkeit des Inhalts solcher Websites.<br \/>\nIch erkl\u00e4re daher ausdr\u00fccklich, dass zum Zeitpunkt der Linksetzung die entsprechenden verlinkten Seiten frei von illegalen Inhalten waren. Ich habe keinerlei Einfluss auf die aktuelle und zuk\u00fcnftige Gestaltung und auf die Inhalte der gelinkten\/verkn\u00fcpften Seiten. Deshalb distanziere ich mich hiermit ausdr\u00fccklich von allen Inhalten aller gelinkten\/verkn\u00fcpften Seiten, die nach der Linksetzung ver\u00e4ndert wurden. Diese Feststellung gilt f\u00fcr alle innerhalb des eigenen Internetangebotes gesetzten Links und Verweise sowie f\u00fcr Fremdeintr\u00e4ge in eingerichteten G\u00e4steb\u00fcchern, Diskussionsforen und Mailinglisten. F\u00fcr illegale, fehlerhafte oder unvollst\u00e4ndige Inhalte und insbesondere f\u00fcr Sch\u00e4den, die aus der Nutzung oder Nichtnutzung solcherart dargebotener Informationen entstehen, haftet allein der Anbieter der Seite, auf welche verwiesen wurde, nicht derjenige, der \u00fcber Links auf die jeweilige Ver\u00f6ffentlichung lediglich verweist.<\/p>\n<p><strong>Umgang mit Daten<\/strong><\/p>\n<p style=\"text-align: justify;\">Ich verpflichte mich, pers\u00f6nliche Daten streng vertraulich zu behandeln und nicht an Dritte weiterzugeben oder anderen Dritten zug\u00e4nglich zu machen. Demgegen\u00fcber gelten Mitteilungen und Informationen, wie zum Beispiel Bemerkungen, Anregungen, Ideen, usw., die ein Benutzer selber auf der Website ver\u00f6ffentlicht oder mittels E-Mail an die Website sendet, nicht als vertraulich oder geistiges Eigentum des Benutzers und k\u00f6nnen von mir frei verwendet werden.<\/p>\n<p style=\"text-align: justify;\">Wenn Sie Daten \u00fcber sich selbst eingeben, gestatten Sie mir damit die Speicherung und Nutzung im Sinne der \u00f6sterreichischen Datenschutzgesetzgebung. Diese Informationen sind personenbezogen und werden selbstverst\u00e4ndlich vertraulich nur intern verwendet. Ein Widerspruch und damit L\u00f6schung Ihrer personenbezogenen Daten bei uns ist jederzeit m\u00f6glich.<\/p>\n<p><strong>Cookies<\/strong><\/p>\n<p style=\"text-align: justify;\">Durch das Aufrufen meiner Webseite werden im Speicher Ihres Computers eine keinerlei Dateien, sog. &#8222;Cookies&#8220; gespeichert. Das individuelle Verhalten der einzelnen Besucher wird hierdurch nicht beobachtet oder gespeichert.<\/p>\n<p style=\"text-align: justify;\">Die Informationen, die ich w\u00e4hrend des normalen Besuches unserer Webseiten erhalte und speichere, werden ausschliesslich zur Optimierung der Webseiten verwendet. Es ist nicht vorgesehen, diese zur Personenidentifikation zu verwenden mit Ausnahme der Abwehr von Angriffen, die Straftatbest\u00e4nde darstellen oder die die Funktionsf\u00e4higkeit unseres Webangebotes zu verhindern oder zu beeintr\u00e4chtigen suchen.<\/p>\n<p><strong>Rechtswirksamkeit dieses Haftungsausschlusses<\/strong><\/p>\n<p style=\"text-align: justify;\">Dieser Haftungsausschluss ist als Teil des Internetangebotes zu betrachten, von dem aus auf diese Seite verwiesen wurde. Sofern Teile oder einzelne Formulierungen dieses Textes der geltenden Rechtslage nicht, nicht mehr oder nicht vollst\u00e4ndig entsprechen sollten, bleiben die \u00fcbrigen Teile des Dokumentes in ihrem Inhalt und ihrer G\u00fcltigkeit davon unber\u00fchrt.<\/p>\n<p><strong>Geltendes Recht<\/strong><\/p>\n<p style=\"text-align: justify;\">Diese Datenschutzerkl\u00e4rung unterliegt den Gesetzen \u00d6sterreichs und ist gem\u00e4ss diesen Gesetzen auszulegen. Sie verpflichten sich, alle aus Ihrer Nutzung dieser Website herr\u00fchrenden Streitf\u00e4lle der ausschliesslichen Zust\u00e4ndigkeit der Gerichte \u00d6sterreichs zu unterwerfen.<\/p>\n","protected":false},"excerpt":{"rendered":"<p>Inhalt des Onlineangebotes Ich \u00fcbernehme keinerlei Gew\u00e4hr f\u00fcr die Aktualit\u00e4t, Korrektheit, Vollst\u00e4ndigkeit oder Qualit\u00e4t der bereitgestellten Informationen. Haftungsanspr\u00fcche, welche sich auf Sch\u00e4den materieller oder ideeller Art beziehen, die durch die Nutzung oder Nichtnutzung der dargebotenen Informationen bzw. durch die Nutzung fehlerhafter und unvollst\u00e4ndiger Informationen verursacht wurden sind grunds\u00e4tzlich ausgeschlossen, sofern kein nachweislich vors\u00e4tzliches oder grob fahrl\u00e4ssiges Verschulden vorliegt. Alle Angebote sind freibleibend und unverbindlich. Ich behalte mir ausdr\u00fccklich vor, Teile der Seiten oder das gesamte Angebot ohne gesonderte Ank\u00fcndigung zu<\/p>\n","protected":false},"author":1,"featured_media":0,"parent":12,"menu_order":4,"comment_status":"closed","ping_status":"closed","template":"","meta":{"footnotes":""},"class_list":["post-196","page","type-page","status-publish","hentry"],"_links":{"self":[{"href":"https:\/\/www.billing.co.at\/de\/wp-json\/wp\/v2\/pages\/196","targetHints":{"allow":["GET"]}}],"collection":[{"href":"https:\/\/www.billing.co.at\/de\/wp-json\/wp\/v2\/pages"}],"about":[{"href":"https:\/\/www.billing.co.at\/de\/wp-json\/wp\/v2\/types\/page"}],"author":[{"embeddable":true,"href":"https:\/\/www.billing.co.at\/de\/wp-json\/wp\/v2\/users\/1"}],"replies":[{"embeddable":true,"href":"https:\/\/www.billing.co.at\/de\/wp-json\/wp\/v2\/comments?post=196"}],"version-history":[{"count":6,"href":"https:\/\/www.billing.co.at\/de\/wp-json\/wp\/v2\/pages\/196\/revisions"}],"predecessor-version":[{"id":1240,"href":"https:\/\/www.billing.co.at\/de\/wp-json\/wp\/v2\/pages\/196\/revisions\/1240"}],"up":[{"embeddable":true,"href":"https:\/\/www.billing.co.at\/de\/wp-json\/wp\/v2\/pages\/12"}],"wp:attachment":[{"href":"https:\/\/www.billing.co.at\/de\/wp-json\/wp\/v2\/media?parent=196"}],"curies":[{"name":"wp","href":"https:\/\/api.w.org\/{rel}","templated":true}]}}