{"id":18,"date":"2021-01-28T10:35:05","date_gmt":"2021-01-28T09:35:05","guid":{"rendered":"http:\/\/www.billing.co.at\/test\/?page_id=18"},"modified":"2021-04-15T15:07:35","modified_gmt":"2021-04-15T14:07:35","slug":"corporate-responsibilty","status":"publish","type":"page","link":"https:\/\/www.billing.co.at\/de\/ueber-mich\/corporate-responsibilty\/","title":{"rendered":"Corporate responsibilty"},"content":{"rendered":"<p><img decoding=\"async\" class=\"wp-image-52 alignright\" src=\"https:\/\/www.billing.co.at\/de\/wp-content\/uploads\/2014\/11\/corpresp_2_sbp.jpg\" alt=\"Corporate Responsibilty\" width=\"178\" height=\"184\"><\/p>\n<h5><\/h5>\n<h5><\/h5>\n<h5><\/h5>\n<h5>Mein Beitrag f\u00fcr den Umweltschutz<\/h5>\n<p style=\"text-align: justify;\">Ich, als Dienstleistungsunternehmen leiste einen aktiven Beitrag zum Klima- und Umweltschutz. Dabei setze ich auf Optimierungsma\u00dfnahmen zur Einsparung von Energie sowie den Einsatz regenerativer Energien.<\/p>\n<p style=\"text-align: justify;\">Ich setze auf erneuerbare Energien und beziehe Strom, der zu 100% aus Wasserkraft gewonnen wird. Bei einem durchschnittlichen Jahresverbrauch von 1.000 kWh werden so 541 Kilo CO2 eingespart. Anders ausgedr\u00fcckt entspricht dieser Wert einer Aufforstungsfl\u00e4che von 533 m\u00b2 oder 275 Eichen, um das CO2 zu binden.<\/p>\n<p style=\"text-align: justify;\">Beim Einkauf von B\u00fcromaterialien werden Produkte aus \u00f6kologisch- und sozial vertr\u00e4glicher Herstellung und Recyclingpapier bevorzugt. Ich m\u00f6chte mit diesen Ma\u00dfnahmen meinen Beitrag leisten, das Klima und die Umwelt f\u00fcr nachfolgende Generationen zu bewahren und als Unternehmen Verantwortung f\u00fcr den Klimaschutz \u00fcbernehmen. Auch bei zuk\u00fcnftigen operativen Entscheidungen werde ich Klimaschutzaspekte ber\u00fccksichtigen.<\/p>\n","protected":false},"excerpt":{"rendered":"<p>Mein Beitrag f\u00fcr den Umweltschutz Ich, als Dienstleistungsunternehmen leiste einen aktiven Beitrag zum Klima- und Umweltschutz. Dabei setze ich auf Optimierungsma\u00dfnahmen zur Einsparung von Energie sowie den Einsatz regenerativer Energien. Ich setze auf erneuerbare Energien und beziehe Strom, der zu 100% aus Wasserkraft gewonnen wird. Bei einem durchschnittlichen Jahresverbrauch von 1.000 kWh werden so 541 Kilo CO2 eingespart. Anders ausgedr\u00fcckt entspricht dieser Wert einer Aufforstungsfl\u00e4che von 533 m\u00b2 oder 275 Eichen, um das CO2 zu binden. Beim Einkauf von B\u00fcromaterialien<\/p>\n","protected":false},"author":1,"featured_media":0,"parent":10,"menu_order":3,"comment_status":"closed","ping_status":"closed","template":"","meta":{"footnotes":""},"class_list":["post-18","page","type-page","status-publish","hentry"],"_links":{"self":[{"href":"https:\/\/www.billing.co.at\/de\/wp-json\/wp\/v2\/pages\/18","targetHints":{"allow":["GET"]}}],"collection":[{"href":"https:\/\/www.billing.co.at\/de\/wp-json\/wp\/v2\/pages"}],"about":[{"href":"https:\/\/www.billing.co.at\/de\/wp-json\/wp\/v2\/types\/page"}],"author":[{"embeddable":true,"href":"https:\/\/www.billing.co.at\/de\/wp-json\/wp\/v2\/users\/1"}],"replies":[{"embeddable":true,"href":"https:\/\/www.billing.co.at\/de\/wp-json\/wp\/v2\/comments?post=18"}],"version-history":[{"count":38,"href":"https:\/\/www.billing.co.at\/de\/wp-json\/wp\/v2\/pages\/18\/revisions"}],"predecessor-version":[{"id":872,"href":"https:\/\/www.billing.co.at\/de\/wp-json\/wp\/v2\/pages\/18\/revisions\/872"}],"up":[{"embeddable":true,"href":"https:\/\/www.billing.co.at\/de\/wp-json\/wp\/v2\/pages\/10"}],"wp:attachment":[{"href":"https:\/\/www.billing.co.at\/de\/wp-json\/wp\/v2\/media?parent=18"}],"curies":[{"name":"wp","href":"https:\/\/api.w.org\/{rel}","templated":true}]}}