{"id":164,"date":"2021-01-28T10:22:05","date_gmt":"2021-01-28T09:22:05","guid":{"rendered":"http:\/\/www.billing.co.at\/test\/?page_id=164"},"modified":"2021-04-15T15:15:30","modified_gmt":"2021-04-15T14:15:30","slug":"vorgehensweise","status":"publish","type":"page","link":"https:\/\/www.billing.co.at\/de\/diensleistungen\/datenqualitaetsmanagement\/vorgehensweise\/","title":{"rendered":"Vorgehensweise"},"content":{"rendered":"<p><img decoding=\"async\" class=\"wp-image-165 alignright\" src=\"https:\/\/www.billing.co.at\/de\/wp-content\/uploads\/2014\/11\/migration1.png\" alt=\"Datenqualit\u00e4t\" width=\"199\" height=\"150\" srcset=\"https:\/\/www.billing.co.at\/de\/wp-content\/uploads\/2014\/11\/migration1.png 400w, https:\/\/www.billing.co.at\/de\/wp-content\/uploads\/2014\/11\/migration1-300x225.png 300w\" sizes=\"(max-width: 199px) 100vw, 199px\" \/><\/p>\n<p style=\"text-align: justify;\">Hohe Datenqualit\u00e4t ist das A&amp;O jeder Datenmigration von Bestandssystemen in ein neu in Betrieb zu nehmendes System.<\/p>\n<p><strong><span style=\"color: green;\">Und so gehe ich vor&#8230;<\/span><\/strong><\/p>\n<p style=\"text-align: justify;\">Im Rahmen der Datenmigration analysiere ich als erfahrener Data-Quality-Experte die verschiedenen Daten-Pools. Dabei decken sie offensichtliche und versteckte Schw\u00e4chen auf. Mit diesem Ist-Zustand kann man die n\u00f6tigen Schritte planen &#8211; und einer erfolgreichen Migration steht nichts mehr im Weg.<\/p>\n<p style=\"text-align: justify;\">Damit Daten sauber migriert werden k\u00f6nnen, bedarf es einer ordentlichen Planung und Umsetzung.<\/p>\n<p>Mein Ansatz des Datenqualit\u00e4tsmanagements umfasst dementsprechend mehrere Ebenen:<\/p>\n<p style=\"text-align: justify;\">Auf der <strong>Organisationsebene<\/strong> erfolgt die Verankerung der Verantwortung f\u00fcr die Qualit\u00e4t durch entsprechende Rollen und Funktionen.<\/p>\n<p style=\"text-align: justify;\">Auf der <strong>Prozessebene<\/strong> wird die konsistente Abbildung von Gesch\u00e4ftsprozessen in den operativen Systemen und in der L\u00f6sung betrachtet.<\/p>\n<p style=\"text-align: justify;\">Auf der <strong>Strukturebene<\/strong> erfolgt die Analyse der strukturellen Integrit\u00e4t (technisch) und der Abbildung der Gesch\u00e4ftslogik (fachlich).<\/p>\n<p style=\"text-align: justify;\">Auf der <strong>Datenebene<\/strong> sind Untersuchungen \u00fcber die Beschaffenheit der Quelldaten durchzuf\u00fchren (Dom\u00e4nen, Vollst\u00e4ndigkeit, statische Korrektheit usw.)<\/p>\n<p><a title=\"Technische Realisierung\" href=\"https:\/\/www.billing.co.at\/de\/diensleistungen\/datenqualitaetsmanagement\/technische-realisierung\/\">Lesen Sie hier mehr \u00fcber die technische Realisierung &gt;&gt;<\/a><\/p>\n","protected":false},"excerpt":{"rendered":"<p>Hohe Datenqualit\u00e4t ist das A&amp;O jeder Datenmigration von Bestandssystemen in ein neu in Betrieb zu nehmendes System. Und so gehe ich vor&#8230; Im Rahmen der Datenmigration analysiere ich als erfahrener Data-Quality-Experte die verschiedenen Daten-Pools. Dabei decken sie offensichtliche und versteckte Schw\u00e4chen auf. Mit diesem Ist-Zustand kann man die n\u00f6tigen Schritte planen &#8211; und einer erfolgreichen Migration steht nichts mehr im Weg. Damit Daten sauber migriert werden k\u00f6nnen, bedarf es einer ordentlichen Planung und Umsetzung. Mein Ansatz des Datenqualit\u00e4tsmanagements umfasst dementsprechend<\/p>\n","protected":false},"author":1,"featured_media":0,"parent":119,"menu_order":2,"comment_status":"closed","ping_status":"closed","template":"","meta":{"footnotes":""},"class_list":["post-164","page","type-page","status-publish","hentry"],"_links":{"self":[{"href":"https:\/\/www.billing.co.at\/de\/wp-json\/wp\/v2\/pages\/164","targetHints":{"allow":["GET"]}}],"collection":[{"href":"https:\/\/www.billing.co.at\/de\/wp-json\/wp\/v2\/pages"}],"about":[{"href":"https:\/\/www.billing.co.at\/de\/wp-json\/wp\/v2\/types\/page"}],"author":[{"embeddable":true,"href":"https:\/\/www.billing.co.at\/de\/wp-json\/wp\/v2\/users\/1"}],"replies":[{"embeddable":true,"href":"https:\/\/www.billing.co.at\/de\/wp-json\/wp\/v2\/comments?post=164"}],"version-history":[{"count":15,"href":"https:\/\/www.billing.co.at\/de\/wp-json\/wp\/v2\/pages\/164\/revisions"}],"predecessor-version":[{"id":879,"href":"https:\/\/www.billing.co.at\/de\/wp-json\/wp\/v2\/pages\/164\/revisions\/879"}],"up":[{"embeddable":true,"href":"https:\/\/www.billing.co.at\/de\/wp-json\/wp\/v2\/pages\/119"}],"wp:attachment":[{"href":"https:\/\/www.billing.co.at\/de\/wp-json\/wp\/v2\/media?parent=164"}],"curies":[{"name":"wp","href":"https:\/\/api.w.org\/{rel}","templated":true}]}}