{"id":14,"date":"2021-01-28T10:36:49","date_gmt":"2021-01-28T09:36:49","guid":{"rendered":"http:\/\/www.billing.co.at\/test\/?page_id=14"},"modified":"2021-01-28T14:40:06","modified_gmt":"2021-01-28T13:40:06","slug":"impressum","status":"publish","type":"page","link":"https:\/\/www.billing.co.at\/de\/kontakt\/impressum\/","title":{"rendered":"Impressum"},"content":{"rendered":"<p><img decoding=\"async\" class=\"wp-image-50 alignright\" src=\"http:\/\/www.billing.co.at\/de\/wp-content\/uploads\/2014\/11\/impressum.png\" alt=\"impressum\" width=\"159\" height=\"84\" srcset=\"https:\/\/www.billing.co.at\/de\/wp-content\/uploads\/2014\/11\/impressum.png 503w, https:\/\/www.billing.co.at\/de\/wp-content\/uploads\/2014\/11\/impressum-300x158.png 300w\" sizes=\"(max-width: 159px) 100vw, 159px\" \/>F\u00fcr den Inhalt verantwortlich:<\/p>\n<p>IT Serivces EU s.r.o<br \/>\nKop\u010dianska 10<br \/>\n85101 Bratislava 5 &#8211; Petr\u017ealka<br \/>\nSlovakische Republik<br \/>\nE-Mail: <a title=\"Kontakt\" href=\"http:\/\/www.billing.co.at\/de\/kontakt\/kontakt\/\">Kontakt<\/a><\/p>\n<p>Konzeption, Gestaltung, Design und Programmierung:<\/p>\n<p>IT Serivces EU s.r.o<br \/>\nKop\u010dianska 10<br \/>\n85101 Bratislava 5 &#8211; Petr\u017ealka<br \/>\nSlovakische Republik<br \/>\nE-Mail: <a title=\"Kontakt\" href=\"http:\/\/www.billing.co.at\/de\/kontakt\/kontakt\/\">Kontakt<\/a><\/p>\n<p><a title=\"Haftungsausschluss\" href=\"http:\/\/www.billing.co.at\/de\/kontakt\/haftungsausschluss\/\">Disclaimer &#8211; Haftungsausschluss<\/a><\/p>\n<p>Umsatzsteuer-Identifikationsnummer 202**33***<br \/>\nDie komplette UID ist aus Datenschutzgr\u00fcnden hier nicht angef\u00fchrt.<br \/>\nDiese finden Sie auf der Rechnung.<br \/>\nVielen Dank f\u00fcr Ihr Verst\u00e4ndnis.<\/p>\n","protected":false},"excerpt":{"rendered":"<p>F\u00fcr den Inhalt verantwortlich: IT Serivces EU s.r.o Kop\u010dianska 10 85101 Bratislava 5 &#8211; Petr\u017ealka Slovakische Republik E-Mail: Kontakt Konzeption, Gestaltung, Design und Programmierung: IT Serivces EU s.r.o Kop\u010dianska 10 85101 Bratislava 5 &#8211; Petr\u017ealka Slovakische Republik E-Mail: Kontakt Disclaimer &#8211; Haftungsausschluss Umsatzsteuer-Identifikationsnummer 202**33*** Die komplette UID ist aus Datenschutzgr\u00fcnden hier nicht angef\u00fchrt. Diese finden Sie auf der Rechnung. Vielen Dank f\u00fcr Ihr Verst\u00e4ndnis.<\/p>\n","protected":false},"author":1,"featured_media":0,"parent":12,"menu_order":2,"comment_status":"closed","ping_status":"closed","template":"","meta":{"footnotes":""},"class_list":["post-14","page","type-page","status-publish","hentry"],"_links":{"self":[{"href":"https:\/\/www.billing.co.at\/de\/wp-json\/wp\/v2\/pages\/14","targetHints":{"allow":["GET"]}}],"collection":[{"href":"https:\/\/www.billing.co.at\/de\/wp-json\/wp\/v2\/pages"}],"about":[{"href":"https:\/\/www.billing.co.at\/de\/wp-json\/wp\/v2\/types\/page"}],"author":[{"embeddable":true,"href":"https:\/\/www.billing.co.at\/de\/wp-json\/wp\/v2\/users\/1"}],"replies":[{"embeddable":true,"href":"https:\/\/www.billing.co.at\/de\/wp-json\/wp\/v2\/comments?post=14"}],"version-history":[{"count":15,"href":"https:\/\/www.billing.co.at\/de\/wp-json\/wp\/v2\/pages\/14\/revisions"}],"predecessor-version":[{"id":812,"href":"https:\/\/www.billing.co.at\/de\/wp-json\/wp\/v2\/pages\/14\/revisions\/812"}],"up":[{"embeddable":true,"href":"https:\/\/www.billing.co.at\/de\/wp-json\/wp\/v2\/pages\/12"}],"wp:attachment":[{"href":"https:\/\/www.billing.co.at\/de\/wp-json\/wp\/v2\/media?parent=14"}],"curies":[{"name":"wp","href":"https:\/\/api.w.org\/{rel}","templated":true}]}}