{"id":117,"date":"2021-01-28T10:09:56","date_gmt":"2021-01-28T09:09:56","guid":{"rendered":"http:\/\/www.billing.co.at\/test\/?page_id=117"},"modified":"2021-04-15T15:14:05","modified_gmt":"2021-04-15T14:14:05","slug":"analyse-und-optimierung-der-qualitaet-von-stammdaten","status":"publish","type":"page","link":"https:\/\/www.billing.co.at\/de\/diensleistungen\/datenqualitaetsmanagement\/analyse-und-optimierung-der-qualitaet-von-stammdaten\/","title":{"rendered":"Analyse und Optimierung der Qualit\u00e4t von Daten"},"content":{"rendered":"<p><img decoding=\"async\" class=\"wp-image-126 alignright\" src=\"https:\/\/www.billing.co.at\/de\/wp-content\/uploads\/2014\/11\/datamigration.bmp\" alt=\"datamigration\" width=\"142\" height=\"160\"><\/p>\n<p style=\"text-align: justify;\"><strong>Die Herausforderungen<\/strong><\/p>\n<p style=\"text-align: justify;\">Urs\u00e4chlich f\u00fcr mangelnde Datenqualit\u00e4t sind oft alte bzw. gewachsene Systeme. Oder auch mangelnde operative M\u00f6glichkeiten der Datenverwaltung.<\/p>\n<p><strong>Einige Beispiele:<\/strong><\/p>\n<p><strong><span style=\"color: red;\">Begrenzte Feldl\u00e4ngen<\/span><\/strong><\/p>\n<p>Wegen begrenzter Feldl\u00e4ngen wurden die Informationen in der Vergangenheit oft abgek\u00fcrzt: &#8222;Heichrich v.Wendehals ,Herr Maier vertr.d.HV Wilhelm Hofman OHG c\/o Handel GmbH&#8220;<\/p>\n<p style=\"text-align: justify;\"><strong><span style=\"color: red;\">Falsche Feldinhalte<\/span><\/strong><\/p>\n<p style=\"text-align: justify;\">In den Stra\u00dfenfeldern stehen Zustellinformationen: &#8222;Christine u. Hans Mueller, Hauptstr. 33\/2 Whg. 222 Aufg. 2&#8220;.<\/p>\n<p style=\"text-align: justify;\">In alten oder gewachsenen Systemen stehen in den Namensfeldern neben dem Firmennamen meist noch weitere Informationen, die dort nichts verloren haben. Dazu geh\u00f6ren etwa Ansprechpartner, Abteilungs-Bezeichnung, abweichender Rechnungsempf\u00e4nger und rechtsgesch\u00e4ftlicher Vertreter.<br \/>\nSogar Zustellinformationen haben ich schon schon gefunden.<\/p>\n<p><strong><span style=\"color: red;\">Dubletten &#8211; doppelt angelegte Adresseintr\u00e4ge<\/span><\/strong><\/p>\n<p style=\"text-align: justify;\">Ein Kunde mit mehreren Vertr\u00e4gen ist mehrfach, unter Umst\u00e4nden sogar in unterschiedlichen Schreibweisen im System eingetragen: &#8222;EA Generali Versicherungs AG&#8220; und &#8222;Generali Versicherung&#8220; und &#8222;Erste Allgemeine Versicherung AG&#8220;. Der Sachbearbeiter muss raten, welche Vertr\u00e4ge zu einem Kunden geh\u00f6ren!<\/p>\n<p><strong><span style=\"color: red;\">Komplexe Strukturen, keine passenden Felder<\/span><\/strong><\/p>\n<p style=\"text-align: justify;\">Komplexe Strukturen, wie bei \u00f6ffentlichen Verwaltungen oder den verschiedenen Eigent\u00fcmer-Gemeinschaften, mussten in wenigen Feldern m\u00f6glichst komplett abgebildet werden. Das Resultat: &#8222;Landeshauptstadt XY Abt.7 Haustechnik (Bau H7) UA210 Grundsch.&#8220;<\/p>\n<p><strong><span style=\"color: green;\">Und so kann ich helfen<\/span><\/strong><br \/>\n<a title=\"Vorgehensweise\" href=\"https:\/\/www.billing.co.at\/de\/diensleistungen\/datenqualitaetsmanagement\/vorgehensweise\/\">Lesen Sie hier mehr &gt;&gt;<\/a><\/p>\n","protected":false},"excerpt":{"rendered":"<p>Die Herausforderungen Urs\u00e4chlich f\u00fcr mangelnde Datenqualit\u00e4t sind oft alte bzw. gewachsene Systeme. Oder auch mangelnde operative M\u00f6glichkeiten der Datenverwaltung. Einige Beispiele: Begrenzte Feldl\u00e4ngen Wegen begrenzter Feldl\u00e4ngen wurden die Informationen in der Vergangenheit oft abgek\u00fcrzt: &#8222;Heichrich v.Wendehals ,Herr Maier vertr.d.HV Wilhelm Hofman OHG c\/o Handel GmbH&#8220; Falsche Feldinhalte In den Stra\u00dfenfeldern stehen Zustellinformationen: &#8222;Christine u. Hans Mueller, Hauptstr. 33\/2 Whg. 222 Aufg. 2&#8220;. In alten oder gewachsenen Systemen stehen in den Namensfeldern neben dem Firmennamen meist noch weitere Informationen, die dort<\/p>\n","protected":false},"author":1,"featured_media":0,"parent":119,"menu_order":1,"comment_status":"closed","ping_status":"closed","template":"","meta":{"footnotes":""},"class_list":["post-117","page","type-page","status-publish","hentry"],"_links":{"self":[{"href":"https:\/\/www.billing.co.at\/de\/wp-json\/wp\/v2\/pages\/117","targetHints":{"allow":["GET"]}}],"collection":[{"href":"https:\/\/www.billing.co.at\/de\/wp-json\/wp\/v2\/pages"}],"about":[{"href":"https:\/\/www.billing.co.at\/de\/wp-json\/wp\/v2\/types\/page"}],"author":[{"embeddable":true,"href":"https:\/\/www.billing.co.at\/de\/wp-json\/wp\/v2\/users\/1"}],"replies":[{"embeddable":true,"href":"https:\/\/www.billing.co.at\/de\/wp-json\/wp\/v2\/comments?post=117"}],"version-history":[{"count":16,"href":"https:\/\/www.billing.co.at\/de\/wp-json\/wp\/v2\/pages\/117\/revisions"}],"predecessor-version":[{"id":878,"href":"https:\/\/www.billing.co.at\/de\/wp-json\/wp\/v2\/pages\/117\/revisions\/878"}],"up":[{"embeddable":true,"href":"https:\/\/www.billing.co.at\/de\/wp-json\/wp\/v2\/pages\/119"}],"wp:attachment":[{"href":"https:\/\/www.billing.co.at\/de\/wp-json\/wp\/v2\/media?parent=117"}],"curies":[{"name":"wp","href":"https:\/\/api.w.org\/{rel}","templated":true}]}}