{"id":115,"date":"2021-01-30T10:08:34","date_gmt":"2021-01-30T09:08:34","guid":{"rendered":"http:\/\/www.billing.co.at\/test\/?page_id=115"},"modified":"2024-03-28T18:57:13","modified_gmt":"2024-03-28T17:57:13","slug":"datenmigrationen","status":"publish","type":"page","link":"https:\/\/www.billing.co.at\/de\/diensleistungen\/datenmigrationen\/","title":{"rendered":"Datenmigrationen"},"content":{"rendered":"<p><img decoding=\"async\" class=\"wp-image-127 alignright\" src=\"http:\/\/www.billing.co.at\/de\/wp-content\/uploads\/2014\/11\/data_transfer.png\" alt=\"Datenmigration\" width=\"202\" height=\"185\" srcset=\"https:\/\/www.billing.co.at\/de\/wp-content\/uploads\/2014\/11\/data_transfer.png 324w, https:\/\/www.billing.co.at\/de\/wp-content\/uploads\/2014\/11\/data_transfer-300x275.png 300w\" sizes=\"(max-width: 202px) 100vw, 202px\" \/><\/p>\n<p style=\"text-align: justify;\">Durch meine Erfahrung in einer Vielzahl von Implementationsprojekten mit dazugeh\u00f6rigen Datenmigrationen, bin ich zu einem gefragten Ansprechpartner sowohl bei Telekommunikationsunternehmen und Banken, als auch bei den Herstellern der Systeme selbst geworden. Immer wieder werde ich von Systemlieferanten wie Netcracker (ehemals Convergys) oder Systemh\u00e4usern wie Accenture oder T-Systems, sowie den Kommunikations-Dienstanbietern wie der Deutschen Telekom oder der France Telekom zu Rate gezogen wenn es um Datenmigrationen geht.<\/p>\n<p style=\"text-align: justify;\"><strong>Mein Leistungsspektrum<\/strong> beginnt mit der Machbarkeitsanalyse, der Analyse der Quellsysteme und deren Daten und setzt mit der Erstellung von Migrationsstrategien, den sich daraus ergebenden Migrationskonzepten, sowie Entscheidungsvorlagen f\u00fcr das Management fort.<\/p>\n<p style=\"text-align: justify;\">Die Migrationskonzepte werden in jedem Schritt verfeinert, beginnend bei der Anforderungsanalyse und der Migrationsstrategie \u00fcber das Migrationsfachkonzept bis zum Migrationsdatenverarbeitungs-Konzept mit Daten-mapping und Datenbereinigungen.<\/p>\n<p>Mehr zur Thematik der Datenbereinigung finden Sie <a title=\"Analyse und Optimierung der Qualit\u00e4t von Daten\" href=\"http:\/\/www.billing.co.at\/de\/diensleistungen\/datenqualitaetsmanagement\/analyse-und-optimierung-der-qualitaet-von-stammdaten\/\">hier<\/a><\/p>\n<p style=\"text-align: justify;\">Auch bei bestehenden Systemen, welche nicht abgel\u00f6st werden kann durch eine Reihe von Qualit\u00e4tsma\u00dfnahmen technischer und organisatorischer Art die Datenqualit\u00e4t verbessert und verhindert werden, dass neue Datenschiefst\u00e4nde entstehen.<\/p>\n<p>Mehr zum <strong>Datenqualit\u00e4tsmanagement<\/strong> erfahren Sie <a title=\"Datenqualit\u00e4tsmanagement\" href=\"http:\/\/www.billing.co.at\/de\/diensleistungen\/datenqualitaetsmanagement\/\">hier<\/a><\/p>\n<p style=\"text-align: justify;\">Insgesamt verf\u00fcge ich \u00fcber <strong>11 Jahre Erfahrung bei Datenmigrationen<\/strong> f\u00fcr Mobilfunk- und Festnetzkunden, sowie f\u00fcr Kabel-TV Betrieber und Internetanbieter, wobei ich in vielen <strong>Projekten direkt mit der Datenmigration<\/strong> auf allen Detailebenen befasst war<b>.<\/b> Dies reicht von der Datenanalyse und Skript-Erstellung \u00fcber Fachkonzepte und Migrationsvorgehens- und Strategiedokumente bis zum Statement of Work und Team Lead.<\/p>\n<p style=\"text-align: justify;\">Dabei wurden in der Gesamtheit ca. 6.125.000.000 (6,125 Milliarden) Datens\u00e4tze migriert. Die Erfolgsquote lag stets bei \u00fcber 99,9%. Bei einem der Projekte blieben beispielsweise von 1 Milliarde Datens\u00e4tze nur 16 \u00fcbrig, welche manuell nachbearbeitet wurden.<\/p>\n<p><span style=\"color: #008000;\"><strong>Gerne berate ich Sie zur Planung und Durchf\u00fchrung Ihrer Datenmigration und begleite das Projekt vom ersten Schritt bis zur Inbetriebnahme.<\/strong><\/span><\/p>\n","protected":false},"excerpt":{"rendered":"<p>Durch meine Erfahrung in einer Vielzahl von Implementationsprojekten mit dazugeh\u00f6rigen Datenmigrationen, bin ich zu einem gefragten Ansprechpartner sowohl bei Telekommunikationsunternehmen und Banken, als auch bei den Herstellern der Systeme selbst geworden. Immer wieder werde ich von Systemlieferanten wie Netcracker (ehemals Convergys) oder Systemh\u00e4usern wie Accenture oder T-Systems, sowie den Kommunikations-Dienstanbietern wie der Deutschen Telekom oder der France Telekom zu Rate gezogen wenn es um Datenmigrationen geht. Mein Leistungsspektrum beginnt mit der Machbarkeitsanalyse, der Analyse der Quellsysteme und deren Daten und<\/p>\n","protected":false},"author":1,"featured_media":0,"parent":6,"menu_order":5,"comment_status":"closed","ping_status":"closed","template":"","meta":{"footnotes":""},"class_list":["post-115","page","type-page","status-publish","hentry"],"_links":{"self":[{"href":"https:\/\/www.billing.co.at\/de\/wp-json\/wp\/v2\/pages\/115","targetHints":{"allow":["GET"]}}],"collection":[{"href":"https:\/\/www.billing.co.at\/de\/wp-json\/wp\/v2\/pages"}],"about":[{"href":"https:\/\/www.billing.co.at\/de\/wp-json\/wp\/v2\/types\/page"}],"author":[{"embeddable":true,"href":"https:\/\/www.billing.co.at\/de\/wp-json\/wp\/v2\/users\/1"}],"replies":[{"embeddable":true,"href":"https:\/\/www.billing.co.at\/de\/wp-json\/wp\/v2\/comments?post=115"}],"version-history":[{"count":29,"href":"https:\/\/www.billing.co.at\/de\/wp-json\/wp\/v2\/pages\/115\/revisions"}],"predecessor-version":[{"id":845,"href":"https:\/\/www.billing.co.at\/de\/wp-json\/wp\/v2\/pages\/115\/revisions\/845"}],"up":[{"embeddable":true,"href":"https:\/\/www.billing.co.at\/de\/wp-json\/wp\/v2\/pages\/6"}],"wp:attachment":[{"href":"https:\/\/www.billing.co.at\/de\/wp-json\/wp\/v2\/media?parent=115"}],"curies":[{"name":"wp","href":"https:\/\/api.w.org\/{rel}","templated":true}]}}