{"id":113,"date":"2021-01-28T10:07:48","date_gmt":"2021-01-28T09:07:48","guid":{"rendered":"http:\/\/www.billing.co.at\/test\/?page_id=113"},"modified":"2021-04-15T15:12:28","modified_gmt":"2021-04-15T14:12:28","slug":"geschaeftsprozess-optimierung","status":"publish","type":"page","link":"https:\/\/www.billing.co.at\/de\/diensleistungen\/geschaeftsprozess-optimierung\/","title":{"rendered":"Gesch\u00e4ftsprozess Optimierung"},"content":{"rendered":"<p><img decoding=\"async\" class=\"wp-image-57 alignright\" src=\"https:\/\/www.billing.co.at\/de\/wp-content\/uploads\/2014\/11\/7076079d110d8d51a_sbp.jpg\" alt=\"Gesch\u00e4sftsprozesse &amp; Customer Care\" width=\"128\" height=\"170\"><\/p>\n<p style=\"text-align: justify;\">Ein reines \u201eCost-Cutting\u201c f\u00fchrt selten zum Erfolg. Eine nachhaltige Verbesserung der Kostenstrukturen und langfristig wirkende Kostenreduzierungen lassen sich nur \u00fcber ein professionelles Management der Gesch\u00e4ftsprozesse sowie deren Optimierung (GPO) sicherstellen. Im Kern geht es dabei stets um die simultane Optimierung von Kosten, Qualit\u00e4t und Service. Die Gewichtung dieser Zieldimensionen zueinander richtet sich im konkreten Projekt nach den individuellen Vorgaben und Anforderungen, die sich aus der Gesch\u00e4ftsstrategie ergeben.<\/p>\n<p style=\"text-align: justify;\"><strong>Ich unterst\u00fctze<\/strong> Versicherungen, Banken und Telekommunikationsunternehmen bei der Optimierung von Gesch\u00e4ftsprozessen und Kostenstrukturen.<\/p>\n<p style=\"text-align: justify;\"><strong>Mein ganzheitlicher Ansatz<\/strong> umfasst s\u00e4mtliche f\u00fcr die Prozessoptimierung erforderlichen Aktivit\u00e4ten, von der Feststellung eines m\u00f6glichen Potenzials, der Aufnahme der IST-Prozesse und deren Analyse und Bewertung \u00fcber die Ableitung optimierter SOLL-Prozesse bis hin zum Priorisieren und der Einf\u00fchrung der L\u00f6sungen.<\/p>\n<p style=\"text-align: justify;\"><strong>Umfassendes Know-how<\/strong> in Verbindung mit technologischer Expertise ist die wesentliche Voraussetzung f\u00fcr die Durchf\u00fchrung von Projekten mit einem H\u00f6chstma\u00df an Effizienz.<\/p>\n","protected":false},"excerpt":{"rendered":"<p>Ein reines \u201eCost-Cutting\u201c f\u00fchrt selten zum Erfolg. Eine nachhaltige Verbesserung der Kostenstrukturen und langfristig wirkende Kostenreduzierungen lassen sich nur \u00fcber ein professionelles Management der Gesch\u00e4ftsprozesse sowie deren Optimierung (GPO) sicherstellen. Im Kern geht es dabei stets um die simultane Optimierung von Kosten, Qualit\u00e4t und Service. Die Gewichtung dieser Zieldimensionen zueinander richtet sich im konkreten Projekt nach den individuellen Vorgaben und Anforderungen, die sich aus der Gesch\u00e4ftsstrategie ergeben. Ich unterst\u00fctze Versicherungen, Banken und Telekommunikationsunternehmen bei der Optimierung von Gesch\u00e4ftsprozessen und Kostenstrukturen.<\/p>\n","protected":false},"author":1,"featured_media":0,"parent":6,"menu_order":4,"comment_status":"closed","ping_status":"closed","template":"","meta":{"footnotes":""},"class_list":["post-113","page","type-page","status-publish","hentry"],"_links":{"self":[{"href":"https:\/\/www.billing.co.at\/de\/wp-json\/wp\/v2\/pages\/113","targetHints":{"allow":["GET"]}}],"collection":[{"href":"https:\/\/www.billing.co.at\/de\/wp-json\/wp\/v2\/pages"}],"about":[{"href":"https:\/\/www.billing.co.at\/de\/wp-json\/wp\/v2\/types\/page"}],"author":[{"embeddable":true,"href":"https:\/\/www.billing.co.at\/de\/wp-json\/wp\/v2\/users\/1"}],"replies":[{"embeddable":true,"href":"https:\/\/www.billing.co.at\/de\/wp-json\/wp\/v2\/comments?post=113"}],"version-history":[{"count":13,"href":"https:\/\/www.billing.co.at\/de\/wp-json\/wp\/v2\/pages\/113\/revisions"}],"predecessor-version":[{"id":876,"href":"https:\/\/www.billing.co.at\/de\/wp-json\/wp\/v2\/pages\/113\/revisions\/876"}],"up":[{"embeddable":true,"href":"https:\/\/www.billing.co.at\/de\/wp-json\/wp\/v2\/pages\/6"}],"wp:attachment":[{"href":"https:\/\/www.billing.co.at\/de\/wp-json\/wp\/v2\/media?parent=113"}],"curies":[{"name":"wp","href":"https:\/\/api.w.org\/{rel}","templated":true}]}}