{"id":111,"date":"2021-01-28T10:06:43","date_gmt":"2021-01-28T09:06:43","guid":{"rendered":"http:\/\/www.billing.co.at\/test\/?page_id=111"},"modified":"2021-04-15T15:11:58","modified_gmt":"2021-04-15T14:11:58","slug":"business-process-management","status":"publish","type":"page","link":"https:\/\/www.billing.co.at\/de\/diensleistungen\/business-process-management\/","title":{"rendered":"Business Process Management"},"content":{"rendered":"<p><img decoding=\"async\" class=\"alignright wp-image-129\" src=\"https:\/\/www.billing.co.at\/de\/wp-content\/uploads\/2014\/11\/bpm_sm.png\" alt=\"Business Process Management\" width=\"143\" height=\"207\"><\/p>\n<p style=\"text-align: justify;\">Heute entscheidet die Prozess-\u00dcberlegenheit \u00fcber den Erfolg eines Unternehmens. Die gr\u00f6\u00dften Herausforderungen liegen dabei in der reibungslosen Abwicklung von unternehmens\u00fcbergreifenden Prozessen bei h\u00f6chster Anpassungsf\u00e4higkeit an den dynamischen Wettbewerb. Derjenige, der Prozesse besser beherrscht als die Konkurrenz, steigert seinen Gewinn und senkt das Risiko bei gleichzeitiger Erh\u00f6hung der Kundenzufriedenheit.<\/p>\n<p style=\"text-align: justify;\">Diese Ziele verfolgt das <strong>Business Process Management<\/strong> mit der systematischen Gestaltung, Steuerung, \u00dcberwachung und Weiterentwicklung der Gesch\u00e4ftsprozesse eines Unternehmens.<\/p>\n<p style=\"text-align: justify;\">\nGerade die Telekommunikations- und Versicherungsbranche unterliegen Einflussfaktoren, welche die Besch\u00e4ftigung mit der Analyse, Ver\u00e4nderung und Optimierung der Kernprozesse geradezu erzwingen. Denn Telekommunikationsunternehmen generieren ihren Shareholder Value dadurch, dass sie ihren Kunden zeitnah technisch komplexe, dazu benutzerfreundliche und flexible Leistungen und Services mit einer h\u00f6chstm\u00f6glichen Verl\u00e4sslichkeit zur Verf\u00fcgung stellen.<\/p>\n<p style=\"text-align: justify;\">Der gesamte Kunden\/Produkt\/Service-Zyklus erfordert eine integrierte Unterst\u00fctzung durch ein in sich fachlich wie technisch geschlossenes Konzept.<\/p>\n<p><strong>Ich erstelle f\u00fcr Sie ein individuelles Konzept.<\/strong> Dem Konzept gehen detaillierte und genaue Analysen vor Ort (selbstverst\u00e4ndlich auch gern Remote) voraus, welche die Basis f\u00fcr<\/p>\n<ul>\n<li>Effizienzsteigerung (<strong><span style=\"color: #008000;\">-&gt; Produktivit\u00e4t<\/span><\/strong>),<\/li>\n<li>Kostenersparnis (<strong><span style=\"color: #008000;\">-&gt; Wettbewerbsf\u00e4higkeit<\/span><\/strong>), und<\/li>\n<li>Reduktion von Durchlaufzeiten und Fehlerquellen (<strong><span style=\"color: #008000;\">-&gt; Qualit\u00e4t<\/span><\/strong>)<\/li>\n<\/ul>\n<p>darstellen.<\/p>\n","protected":false},"excerpt":{"rendered":"<p>Heute entscheidet die Prozess-\u00dcberlegenheit \u00fcber den Erfolg eines Unternehmens. Die gr\u00f6\u00dften Herausforderungen liegen dabei in der reibungslosen Abwicklung von unternehmens\u00fcbergreifenden Prozessen bei h\u00f6chster Anpassungsf\u00e4higkeit an den dynamischen Wettbewerb. Derjenige, der Prozesse besser beherrscht als die Konkurrenz, steigert seinen Gewinn und senkt das Risiko bei gleichzeitiger Erh\u00f6hung der Kundenzufriedenheit. Diese Ziele verfolgt das Business Process Management mit der systematischen Gestaltung, Steuerung, \u00dcberwachung und Weiterentwicklung der Gesch\u00e4ftsprozesse eines Unternehmens. Gerade die Telekommunikations- und Versicherungsbranche unterliegen Einflussfaktoren, welche die Besch\u00e4ftigung mit der Analyse,<\/p>\n","protected":false},"author":1,"featured_media":0,"parent":6,"menu_order":3,"comment_status":"closed","ping_status":"closed","template":"","meta":{"footnotes":""},"class_list":["post-111","page","type-page","status-publish","hentry"],"_links":{"self":[{"href":"https:\/\/www.billing.co.at\/de\/wp-json\/wp\/v2\/pages\/111","targetHints":{"allow":["GET"]}}],"collection":[{"href":"https:\/\/www.billing.co.at\/de\/wp-json\/wp\/v2\/pages"}],"about":[{"href":"https:\/\/www.billing.co.at\/de\/wp-json\/wp\/v2\/types\/page"}],"author":[{"embeddable":true,"href":"https:\/\/www.billing.co.at\/de\/wp-json\/wp\/v2\/users\/1"}],"replies":[{"embeddable":true,"href":"https:\/\/www.billing.co.at\/de\/wp-json\/wp\/v2\/comments?post=111"}],"version-history":[{"count":28,"href":"https:\/\/www.billing.co.at\/de\/wp-json\/wp\/v2\/pages\/111\/revisions"}],"predecessor-version":[{"id":875,"href":"https:\/\/www.billing.co.at\/de\/wp-json\/wp\/v2\/pages\/111\/revisions\/875"}],"up":[{"embeddable":true,"href":"https:\/\/www.billing.co.at\/de\/wp-json\/wp\/v2\/pages\/6"}],"wp:attachment":[{"href":"https:\/\/www.billing.co.at\/de\/wp-json\/wp\/v2\/media?parent=111"}],"curies":[{"name":"wp","href":"https:\/\/api.w.org\/{rel}","templated":true}]}}