{"id":100,"date":"2021-01-29T10:59:34","date_gmt":"2021-01-29T09:59:34","guid":{"rendered":"http:\/\/www.billing.co.at\/test\/?page_id=100"},"modified":"2024-03-28T18:56:49","modified_gmt":"2024-03-28T17:56:49","slug":"business-support-solutions","status":"publish","type":"page","link":"https:\/\/www.billing.co.at\/de\/diensleistungen\/business-support-solutions\/","title":{"rendered":"Business Support Solutions"},"content":{"rendered":"<p><img decoding=\"async\" class=\"wp-image-130 alignright\" src=\"http:\/\/www.billing.co.at\/de\/wp-content\/uploads\/2014\/11\/cc.jpg\" alt=\"Gesch\u00e4ftsprozess-Optimierung\" width=\"107\" height=\"273\" srcset=\"https:\/\/www.billing.co.at\/de\/wp-content\/uploads\/2014\/11\/cc.jpg 220w, https:\/\/www.billing.co.at\/de\/wp-content\/uploads\/2014\/11\/cc-117x300.jpg 117w\" sizes=\"(max-width: 107px) 100vw, 107px\" \/><\/p>\n<p style=\"text-align: justify;\">Unternehmen stehen mehr denn je vor der komplexen Herausforderung, zum einen Services und Produkte zu generieren, mit denen der Revenue gesteigert werden kann und zudem die Investitions- und Betriebskosten (CAPEX und OPEX) zu optimieren, w\u00e4hrend gleichzeitig weiterhin hohe Investitionen in neue Technologien (wie Voice-over-IP, WIMAX, ETL) erforderlich sind.<\/p>\n<p style=\"text-align: justify;\">Auf Basis zahlreicher erfolgreich durchgef\u00fchrter Projekte habe ich mir in der Telekommunikationsbranche, sowie in anderen Branchen, einen hervorragenden Ruf und gro\u00dfe Wertsch\u00e4tzung als anerkannter verl\u00e4sslicher Experte und Partner erworben und erarbeitet.<\/p>\n<p style=\"text-align: justify;\">Der Bereich Business Support Solutions (BSS) hilft Kunden im Telekommunikationsmarkt auf vielf\u00e4ltige Art, ihre wichtigsten Ziele zu erreichen (Kundenbindung, Kundengewinnung, Kostenreduktion sowie Produktivit\u00e4tssteigerungen).<\/p>\n<p><strong>Mein weit gef\u00e4chertes Leistungsportfolio umfasst L\u00f6sungen f\u00fcr<\/strong><br \/>\n<span style=\"color: #008000;\"><strong>CRM, Customer Care<\/strong><\/span><\/p>\n<ul>\n<li>Customer Self Services,<\/li>\n<li>Einsatz von Loyalty-Systemen,<\/li>\n<li>ma\u00dfgeschneiderte Kundenangebote \u00fcber unterschiedliche Zugangskan\u00e4le<\/li>\n<\/ul>\n<p><span style=\"color: #008000;\"><strong>Provisioning, Mediation, Rating und Billing<\/strong><\/span><\/p>\n<ul>\n<li>Integration und Optimierung der Billing-\/Billing- Systeme<\/li>\n<li>Anpassung der Billing- Systeme an neue Technologien,<\/li>\n<li>Integration und Optimierung der Mediation- Systeme (z.B.: Comptel)<\/li>\n<li>Interconnect-Billing,<\/li>\n<li>Roaming-Services<\/li>\n<\/ul>\n<p><strong><span style=\"color: #008000;\">Verbindungen und Nutzungsdaten<\/span><\/strong><\/p>\n<ul>\n<li>Minimierung der Kosten f\u00fcr die internationalen Verkehrsverbindungen durch Optimierung des Internationalen Routings<\/li>\n<li>Nutzung eines effizienten Fraud-Management-Systems (z.B.: Watchdog) f\u00fcr CDR, IPDR und sonstige &#8222;Events&#8220;<\/li>\n<li>Prozessberatung<\/li>\n<\/ul>\n","protected":false},"excerpt":{"rendered":"<p>Unternehmen stehen mehr denn je vor der komplexen Herausforderung, zum einen Services und Produkte zu generieren, mit denen der Revenue gesteigert werden kann und zudem die Investitions- und Betriebskosten (CAPEX und OPEX) zu optimieren, w\u00e4hrend gleichzeitig weiterhin hohe Investitionen in neue Technologien (wie Voice-over-IP, WIMAX, ETL) erforderlich sind. Auf Basis zahlreicher erfolgreich durchgef\u00fchrter Projekte habe ich mir in der Telekommunikationsbranche, sowie in anderen Branchen, einen hervorragenden Ruf und gro\u00dfe Wertsch\u00e4tzung als anerkannter verl\u00e4sslicher Experte und Partner erworben und erarbeitet. Der<\/p>\n","protected":false},"author":1,"featured_media":0,"parent":6,"menu_order":2,"comment_status":"closed","ping_status":"closed","template":"","meta":{"footnotes":""},"class_list":["post-100","page","type-page","status-publish","hentry"],"_links":{"self":[{"href":"https:\/\/www.billing.co.at\/de\/wp-json\/wp\/v2\/pages\/100","targetHints":{"allow":["GET"]}}],"collection":[{"href":"https:\/\/www.billing.co.at\/de\/wp-json\/wp\/v2\/pages"}],"about":[{"href":"https:\/\/www.billing.co.at\/de\/wp-json\/wp\/v2\/types\/page"}],"author":[{"embeddable":true,"href":"https:\/\/www.billing.co.at\/de\/wp-json\/wp\/v2\/users\/1"}],"replies":[{"embeddable":true,"href":"https:\/\/www.billing.co.at\/de\/wp-json\/wp\/v2\/comments?post=100"}],"version-history":[{"count":16,"href":"https:\/\/www.billing.co.at\/de\/wp-json\/wp\/v2\/pages\/100\/revisions"}],"predecessor-version":[{"id":837,"href":"https:\/\/www.billing.co.at\/de\/wp-json\/wp\/v2\/pages\/100\/revisions\/837"}],"up":[{"embeddable":true,"href":"https:\/\/www.billing.co.at\/de\/wp-json\/wp\/v2\/pages\/6"}],"wp:attachment":[{"href":"https:\/\/www.billing.co.at\/de\/wp-json\/wp\/v2\/media?parent=100"}],"curies":[{"name":"wp","href":"https:\/\/api.w.org\/{rel}","templated":true}]}}