{"id":10,"date":"2021-01-28T10:39:23","date_gmt":"2021-01-28T09:39:23","guid":{"rendered":"http:\/\/www.billing.co.at\/test\/?page_id=10"},"modified":"2024-07-04T10:19:12","modified_gmt":"2024-07-04T09:19:12","slug":"ueber-mich","status":"publish","type":"page","link":"https:\/\/www.billing.co.at\/de\/ueber-mich\/","title":{"rendered":"\u00dcber uns"},"content":{"rendered":"<h5>Sprachen<\/h5>\n<p>Deutsch<br \/>\nEnglisch: verhandlungssicher, Cambridge First Certificate, Business English<br \/>\nSpanisch: Grundkenntnisse<\/p>\n<h5>Einsatzorte<\/h5>\n<ul>\n<li>Ganz Europa im geografischen Sinn inkl. Osteuropa, Schweiz, United Kingdom, EU Arbeitserlaubnis vorhanden<\/li>\n<\/ul>\n<h5>bisherige Positionen<\/h5>\n<ul>\n<li>Senior Project Manager<\/li>\n<li>Projekt Program Manager<\/li>\n<li>Business- und Systemanalyst (Gesch\u00e4ftsprozesse und IT-Prozesse)<\/li>\n<li>Enterprise Architekt<\/li>\n<li>L\u00f6sungsarchitekt f\u00fcr komplett neue Prozesse im Kontext Customer Care &amp; Billling oder zur Modernisierung und Anpassung bestehender Prozesse an die Anforderungen der Zeit<\/li>\n<li>Subject Matter Expert: Fachliche und technische Spezifikation<\/li>\n<li>Migrations-Manager f\u00fcr Migrationen mit hohem Datenvolumen inklusive Ressourcen und Zeitplanung, Teamleitung, Erstellung von Migrationsdokumenten aller Ebenen (Strategie, Grobkonzept, Feinkonzept, Fachkonzept)<\/li>\n<li>Performance Test Team Lead<\/li>\n<li>Head Of Testing (Koordination)<\/li>\n<li>Head Of IT (CIO)<\/li>\n<\/ul>\n<h5>Fachliche Schwerpunkte<\/h5>\n<ul>\n<li>Datencenter L\u00f6sungen, virtuelle Server als SaaS (System as a Service)<\/li>\n<li>Anforderungsanalyse und Dokumentation<\/li>\n<li>L\u00f6sungsarchitektur<\/li>\n<li>Billing und Rating Systeme<\/li>\n<li>Mediation Systeme<\/li>\n<li>CRM Customer Care Systeme<\/li>\n<li>Produktkatalog-Systeme<\/li>\n<li>Fraud management und collection Syteme<\/li>\n<li>Datenmigrationen mit hohem Volumen<\/li>\n<li>SAP Projektleitung<\/li>\n<\/ul>\n<h5>Dienstleistungsumfang<\/h5>\n<p>Fachlichkeit: fachliche Analysen und Spezifikationen <a title=\"Dienstleistungen\" href=\"https:\/\/www.billing.co.at\/de\/diensleistungen\/\">&gt;&gt; siehe Dienstleistungen<\/a><br \/>\nTechnik: technische Analysen und Spezifikationen <a title=\"Dienstleistungen\" href=\"https:\/\/www.billing.co.at\/de\/diensleistungen\/\">&gt;&gt; siehe Dienstleistungen<\/a><br \/>\nOrganisation: technisches (Teil-)Projektmanagement <a title=\"Projektmanagement\" href=\"https:\/\/www.billing.co.at\/de\/diensleistungen\/projektmanagement\/\">&gt;&gt; siehe Projektmanagement<\/a><br \/>\nManagement: Projektmanagement und IT-Programm Management (Kundenprojekte) <a title=\"Projektmanagement\" href=\"https:\/\/www.billing.co.at\/de\/diensleistungen\/projektmanagement\/\">&gt;&gt; siehe Projektmanagement<\/a><\/p>\n<h5>Technisches Wissen, Methoden und Tools<\/h5>\n<table border=\"0\" cellspacing=\"0\" cellpadding=\"2\">\n<tbody>\n<tr>\n<td align=\"left\" valign=\"top\">Betriebssysteme und Server<\/p>\n<ul>\n<li>HP Unix 10.2 and 11,<\/li>\n<li>Compaq Unix Tru64,<\/li>\n<li>Windows 95\/98\/XP\/ME\/Vista\/7 und 8,<\/li>\n<li>WIN NT\/2000,<\/li>\n<li>Novell von v. 3.51 bis v.5,<\/li>\n<li>EMC &amp; NAS storages<\/li>\n<li>Windows Server 2003 \/ 2008 \/ 2012<\/li>\n<\/ul>\n<\/td>\n<\/tr>\n<tr>\n<td align=\"left\" valign=\"top\">Programmiersprachen<\/p>\n<ul>\n<li>Unix Shell-Scripting, awk &amp; sed<\/li>\n<li>PHP<\/li>\n<li>Perl<\/li>\n<li>HTML, DHTML<\/li>\n<li>Visual Basic<\/li>\n<li>Delphi<\/li>\n<\/ul>\n<\/td>\n<\/tr>\n<tr>\n<td align=\"left\" valign=\"top\">Datenbanken<\/p>\n<ul>\n<li>Oracle-SQL, Oracle 10g &amp; 11g<\/li>\n<li>Ingres-SQL<\/li>\n<li>MySQL<\/li>\n<li>MS-Access-SQL<\/li>\n<li>MS SQL Server 2008<\/li>\n<li>Teradata, Informatica, Cognos<\/li>\n<li>Alle notwendigen Tools in Zusammenhang mit Unix und RDBMS<\/li>\n<\/ul>\n<\/td>\n<\/tr>\n<tr>\n<td align=\"left\" valign=\"top\">Telco-billing &amp; CRM: Subject Matter Expert der folgenden Out-Of-The Box Systeme<\/p>\n<ul>\n<li>CABS2000 (Festnetz GSM)<\/li>\n<li>ARAVIS (Festnetz\u00a0 f\u00fcr Gro\u00dfkunden)<\/li>\n<li>GENEVA, IRB, RBM (Festnetz , Mobilfunk und IP-Billing per Volumen\/Zeit f\u00fcr GPRS und UMTS, Kabel-TV und utilities (Strom))<\/li>\n<li>Kenan Arbor<\/li>\n<li>Intec Interconnect Billing<\/li>\n<li>Watchdog<\/li>\n<li>DOC1 Formatter<\/li>\n<\/ul>\n<\/td>\n<\/tr>\n<tr>\n<td align=\"left\" valign=\"top\">Sonstige Anwendungen<\/p>\n<ul>\n<li>HP Quality Center<\/li>\n<li>Tibco<\/li>\n<li>Remedy<\/li>\n<li>Vantive<\/li>\n<\/ul>\n<\/td>\n<\/tr>\n<tr>\n<td align=\"left\" valign=\"top\">Wirtschaftliches Wissen<\/p>\n<ul>\n<li>Gesch\u00e4ftsf\u00fchrung eines Unternehmens, Prokura<\/li>\n<li>Finanzen und Buchhaltung<\/li>\n<li>Rechtsaspekte in der Telekommunikationsindustrie (deutsches und \u00f6sterreichisches Recht), Datenschutz<\/li>\n<\/ul>\n<\/td>\n<\/tr>\n<tr>\n<td align=\"left\" valign=\"top\">Facility Services<\/p>\n<ul>\n<li>Site acquisition<\/li>\n<li>technische Ausr\u00fcstung wie false floor, air conditioning, USV, Sicherheit und Alarmsysteme, etc\u2026<\/li>\n<\/ul>\n<\/td>\n<\/tr>\n<tr>\n<td align=\"left\" valign=\"top\">Projekt Management in Kundenprojekten<\/p>\n<ul>\n<li>fachlich und technisch: Customer Care &amp; Billing und Produktbereich<\/li>\n<li>Data center Hosting und SaaS<\/li>\n<li>gro\u00dfvolumige Datenmigrationen<\/li>\n<li>Ugrades<\/li>\n<li>Transitions<\/li>\n<li>Migrationen<\/li>\n<li>Aufbau neuer Systemlandschaften<\/li>\n<li>De-Kommissionieren und Abschaltung alter Systemlandschaften<\/li>\n<li>Landschaftskonsolidierungen<\/li>\n<li>Lizenzkonsolidierungen (z.B.: Oracle)<\/li>\n<\/ul>\n<\/td>\n<\/tr>\n<tr>\n<td align=\"left\" valign=\"top\">Test Management<\/p>\n<ul>\n<li>System Tests, Site Integration Tests (SIT)<\/li>\n<li>Performance Tests<\/li>\n<li>Site Acceptance Tests (SAT)<\/li>\n<li>Business Acceptance Tests (BAT)<\/li>\n<li>User Acceptance Tests (UAT)<\/li>\n<li>End to End Tests (E2E)<\/li>\n<li>Operational Rediness Tests (ORT)<\/li>\n<\/ul>\n<\/td>\n<\/tr>\n<\/tbody>\n<\/table>\n","protected":false},"excerpt":{"rendered":"<p>Sprachen Deutsch Englisch: verhandlungssicher, Cambridge First Certificate, Business English Spanisch: Grundkenntnisse Einsatzorte Ganz Europa im geografischen Sinn inkl. Osteuropa, Schweiz, United Kingdom, EU Arbeitserlaubnis vorhanden bisherige Positionen Senior Project Manager Projekt Program Manager Business- und Systemanalyst (Gesch\u00e4ftsprozesse und IT-Prozesse) Enterprise Architekt L\u00f6sungsarchitekt f\u00fcr komplett neue Prozesse im Kontext Customer Care &amp; Billling oder zur Modernisierung und Anpassung bestehender Prozesse an die Anforderungen der Zeit Subject Matter Expert: Fachliche und technische Spezifikation Migrations-Manager f\u00fcr Migrationen mit hohem Datenvolumen inklusive Ressourcen und<\/p>\n","protected":false},"author":1,"featured_media":0,"parent":0,"menu_order":2,"comment_status":"closed","ping_status":"closed","template":"","meta":{"footnotes":""},"class_list":["post-10","page","type-page","status-publish","hentry"],"_links":{"self":[{"href":"https:\/\/www.billing.co.at\/de\/wp-json\/wp\/v2\/pages\/10","targetHints":{"allow":["GET"]}}],"collection":[{"href":"https:\/\/www.billing.co.at\/de\/wp-json\/wp\/v2\/pages"}],"about":[{"href":"https:\/\/www.billing.co.at\/de\/wp-json\/wp\/v2\/types\/page"}],"author":[{"embeddable":true,"href":"https:\/\/www.billing.co.at\/de\/wp-json\/wp\/v2\/users\/1"}],"replies":[{"embeddable":true,"href":"https:\/\/www.billing.co.at\/de\/wp-json\/wp\/v2\/comments?post=10"}],"version-history":[{"count":31,"href":"https:\/\/www.billing.co.at\/de\/wp-json\/wp\/v2\/pages\/10\/revisions"}],"predecessor-version":[{"id":1187,"href":"https:\/\/www.billing.co.at\/de\/wp-json\/wp\/v2\/pages\/10\/revisions\/1187"}],"wp:attachment":[{"href":"https:\/\/www.billing.co.at\/de\/wp-json\/wp\/v2\/media?parent=10"}],"curies":[{"name":"wp","href":"https:\/\/api.w.org\/{rel}","templated":true}]}}